{"id":160186,"date":"2025-10-08T22:05:42","date_gmt":"2025-10-08T19:05:42","guid":{"rendered":"https:\/\/www.mesajgroup.com\/?page_id=160186"},"modified":"2025-10-17T23:35:17","modified_gmt":"2025-10-17T20:35:17","slug":"sirketler","status":"publish","type":"page","link":"https:\/\/www.mesajgroup.com\/az\/sirketler\/","title":{"rendered":"\u015eirk\u0259tl\u0259r"},"content":{"rendered":"<div class=\"wpb-content-wrapper\"><div data-parent=\"true\" class=\"vc_row row-container\" id=\"row-unique-0\"><div class=\"row col-double-gutter exa-top-padding quad-bottom-padding single-h-padding limit-width row-parent\"><div class=\"wpb_row row-inner\"><div class=\"wpb_column pos-top pos-center align_left column_parent col-lg-12 half-internal-gutter\"><div class=\"uncol style-light\"  ><div class=\"uncoltable\"><div class=\"uncell no-block-padding\" ><div class=\"uncont\" ><div class=\"vc_custom_heading_wrap\"><div class=\"heading-text el-text\" ><h6 class=\"fontsize-160000 fontspace-135905 text-accent-color text-uppercase\" ><span>\u015eirk\u0259tl\u0259rimiz<\/span><\/h6><\/div><div class=\"clear\"><\/div><\/div><div class=\"vc_row row-internal row-container\"><div class=\"row row-child\"><div class=\"wpb_row row-inner\"><div class=\"wpb_column pos-top pos-center align_left column_child col-lg-4 half-internal-gutter\"><div class=\"uncol style-light\" ><div class=\"uncoltable\"><div class=\"uncell no-block-padding\" ><div class=\"uncont\" ><div class=\"vc_custom_heading_wrap\"><div class=\"heading-text el-text\" ><h3 class=\"h1\" ><span>Layih\u0259d\u0259n Karyeraya: H\u0259yat\u0131n\u0131z\u0131n h\u0259r sah\u0259sind\u0259 sizinl\u0259yik<\/span><\/h3><\/div><div class=\"clear\"><\/div><\/div><div class=\"empty-space empty-single desktop-hidden\" ><span class=\"empty-space-inner\"><\/span><\/div>\n<\/div><\/div><\/div><\/div><\/div><div class=\"wpb_column pos-top pos-center align_left column_child col-lg-2 tablet-hidden mobile-hidden single-internal-gutter\"><div class=\"uncol style-light\" ><div class=\"uncoltable\"><div class=\"uncell no-block-padding\" ><div class=\"uncont\" ><\/div><\/div><\/div><\/div><\/div><div class=\"wpb_column pos-top pos-center align_left column_child col-lg-6 single-internal-gutter\"><div class=\"uncol style-light\" ><div class=\"uncoltable\"><div class=\"uncell no-block-padding\" ><div class=\"uncont\" ><div class=\"uncode_text_column\" ><p>Mesaj Group \u00e7\u0259tirinin alt\u0131ndak\u0131 \u015firk\u0259tl\u0259r, h\u0259r biri \u00f6z sah\u0259sind\u0259 ixtisasla\u015fm\u0131\u015f, bir-birini tamamlayan \u0259hat\u0259li, inteqrasiya olunmu\u015f xidm\u0259t yana\u015fmas\u0131 t\u0259klif edirl\u0259r. Binalar\u0131n t\u0259m\u0259lind\u0259n materiallar\u0131n t\u0259chizin\u0259, interyerin estetik d\u0259yi\u015fm\u0259sind\u0259n pe\u015f\u0259kar istedad\u0131 uy\u011fun karyera imkanlar\u0131 il\u0259 birl\u0259\u015fdirm\u0259y\u0259 q\u0259d\u0259r h\u0259yat\u0131n h\u0259r sah\u0259sind\u0259 f\u0259rdi, yenilik\u00e7i v\u0259 etibarl\u0131 h\u0259ll\u0259r yarad\u0131r\u0131q. M\u0259qs\u0259dimiz layih\u0259l\u0259rd\u0259n karyeralara q\u0259d\u0259r uzanan bu b\u00fct\u00f6v yana\u015fma il\u0259 h\u0259yat\u0131n\u0131za v\u0259 m\u0259qs\u0259dl\u0259riniz\u0259 d\u0259y\u0259r qatmaqd\u0131r.<\/p>\n<\/div><\/div><\/div><\/div><\/div><\/div><\/div><\/div><\/div><div class=\"empty-space empty-single\" ><span class=\"empty-space-inner\"><\/span><\/div>\n<div class=\"vc_row row-internal row-container\"><div class=\"row row-child\"><div class=\"wpb_row row-inner\"><div class=\"wpb_column pos-top pos-center align_left column_child col-lg-3 col-md-50 col-sm-50 single-internal-gutter\"><div class=\"uncol style-light\" ><div class=\"uncoltable\"><div class=\"uncell no-block-padding\" ><div class=\"uncont\" ><div class=\"icon-box icon-box-top  icon-media-image\" ><div class=\"icon-box-icon fa-container\" style=\"width:160px;\"><a role=\"button\" href=\"https:\/\/www.mesajcareer.com\" title=\"Mesaj Karyera\" aria-label=\"Mesaj Karyera\" target=\"_blank\" class=\"fa fa-stack fa-1x btn-default fa-squared btn-shadow custom-link\"><img decoding=\"async\" class=\"\" src=\"https:\/\/www.mesajgroup.com\/wp-content\/uploads\/2025\/09\/Gemini_Generated_Image_3fmilo3fmilo3fmi.png\" width=\"1024\" height=\"1024\" alt=\"\"  \/><\/a><\/div><div class=\"icon-box-content\"><div class=\"icon-box-heading icon-box-fa-1x-back\"><h3 class=\"h3\"><a role=\"button\" href=\"https:\/\/www.mesajcareer.com\" title=\"Mesaj Karyera\" aria-label=\"Mesaj Karyera\" target=\"_blank\">Mesaj Karyera<\/a><\/h3><\/div>\n<p class=\"text-top-reduced text-small\" style=\"text-align: left;\">M\u0259qs\u0259dimiz sad\u0259 i\u015f m\u00fcraci\u0259tl\u0259rind\u0259n m\u00fcr\u0259kk\u0259b istedad idar\u0259etm\u0259 strategiyalar\u0131na q\u0259d\u0259r h\u0259r ehtiyac\u0131 qar\u015f\u0131layan inteqrasiya olunmu\u015f h\u0259ll t\u0259qdim etm\u0259kdir. B\u00fct\u00fcn prosesi sizin \u00fc\u00e7\u00fcn optimalla\u015fd\u0131raraq potensial\u0131n\u0131zdan maksimum yararlanma\u011fa v\u0259 m\u0259qs\u0259dl\u0259riniz\u0259 inamla \u00e7atma\u011fa imkan yarad\u0131r\u0131q.<br \/><\/p>\n<p class=\"text-bold\"><a class=\"btn btn-link\" href=\"https:\/\/www.mesajcareer.com\" title=\"Mesaj Karyera\" aria-label=\"Mesaj Karyera\" target=\"_blank\">\u015eirk\u0259ti bax\u0131n<\/a><\/p><\/div><\/div><\/div><\/div><\/div><\/div><\/div><div class=\"wpb_column pos-top pos-center align_left column_child col-lg-3 col-md-50 col-sm-50 single-internal-gutter\"><div class=\"uncol style-light\" ><div class=\"uncoltable\"><div class=\"uncell no-block-padding\" ><div class=\"uncont\" ><div class=\"icon-box icon-box-top  icon-media-image\" ><div class=\"icon-box-icon fa-container\" style=\"width:160px;\"><a role=\"button\" href=\"https:\/\/www.mesajinsaat.com\" title=\"Mesaj Tikinti\" aria-label=\"Mesaj Tikinti\" target=\"_blank\" class=\"fa fa-stack fa-1x btn-default fa-squared btn-shadow custom-link\"><img decoding=\"async\" class=\"\" src=\"https:\/\/www.mesajgroup.com\/wp-content\/uploads\/2025\/09\/Gemini_Generated_Image_sltunqsltunqsltu.png\" width=\"1024\" height=\"1024\" alt=\"\"  \/><\/a><\/div><div class=\"icon-box-content\"><div class=\"icon-box-heading icon-box-fa-1x-back\"><h3 class=\"h3\"><a role=\"button\" href=\"https:\/\/www.mesajinsaat.com\" title=\"Mesaj Tikinti\" aria-label=\"Mesaj Tikinti\" target=\"_blank\">Mesaj Tikinti<\/a><\/h3><\/div>\n<p class=\"text-top-reduced text-small\" style=\"text-align: left;\">Bizim \u00fc\u00e7\u00fcn h\u0259r bir layih\u0259 t\u0259kc\u0259 bir qur\u011fu tikm\u0259k yox, h\u0259m d\u0259 sars\u0131lmaz etimad yaratmaqd\u0131r. \u015eirk\u0259tl\u0259rimizin t\u0259m\u0259lini t\u0259\u015fkil ed\u0259n bu prinsip\u0259 uy\u011fun olaraq, prosesin h\u0259r m\u0259rh\u0259l\u0259sini ba\u015fdan sona q\u0259d\u0259r \u0259n y\u00fcks\u0259k diqq\u0259tl\u0259 idar\u0259 edir v\u0259 \u00f6hd\u0259likl\u0259rimiz\u0259 h\u0259mi\u015f\u0259 sadiq qal\u0131r\u0131q.<br \/><\/p>\n<p class=\"text-bold\"><a class=\"btn btn-link\" href=\"https:\/\/www.mesajinsaat.com\" title=\"Mesaj Tikinti\" aria-label=\"Mesaj Tikinti\" target=\"_blank\">\u015eirk\u0259ti bax\u0131n<\/a><\/p><\/div><\/div><\/div><\/div><\/div><\/div><\/div><div class=\"wpb_column pos-top pos-center align_left column_child col-lg-3 col-md-50 col-md-clear col-sm-50 col-sm-clear single-internal-gutter\"><div class=\"uncol style-light\" ><div class=\"uncoltable\"><div class=\"uncell no-block-padding\" ><div class=\"uncont\" ><div class=\"icon-box icon-box-top  icon-media-image\" ><div class=\"icon-box-icon fa-container\" style=\"width:160px;\"><a role=\"button\" href=\"https:\/\/www.lekorasyon.com\" title=\"B\u0259z\u0259k\" aria-label=\"B\u0259z\u0259k\" target=\"_blank\" class=\"fa fa-stack fa-1x btn-default fa-squared btn-shadow custom-link\"><img decoding=\"async\" class=\"\" src=\"https:\/\/www.mesajgroup.com\/wp-content\/uploads\/2025\/09\/Gemini_Generated_Image_s04u62s04u62s04u.png\" width=\"1024\" height=\"1024\" alt=\"\"  \/><\/a><\/div><div class=\"icon-box-content\"><div class=\"icon-box-heading icon-box-fa-1x-back\"><h3 class=\"h3\"><a role=\"button\" href=\"https:\/\/www.lekorasyon.com\" title=\"B\u0259z\u0259k\" aria-label=\"B\u0259z\u0259k\" target=\"_blank\">B\u0259z\u0259k<\/a><\/h3><\/div>\n<p class=\"text-top-reduced text-small\" style=\"text-align: left;\">T\u0259cr\u00fcb\u0259li memar v\u0259 dizaynerl\u0259rd\u0259n ibar\u0259t komandam\u0131zla layih\u0259nizin h\u0259r m\u0259rh\u0259l\u0259sind\u0259, konsept dizayn\u0131ndan material se\u00e7imin\u0259 v\u0259 t\u0259tbiqin\u0259 q\u0259d\u0259r sizin yan\u0131n\u0131zday\u0131q. Sizi dinl\u0259yir, h\u0259yat t\u0259rzinizi anlay\u0131r v\u0259 z\u00f6vq\u00fcn\u00fcz\u0259 uy\u011fun rahat v\u0259 z\u0259rif h\u0259ll\u0259r yarad\u0131r\u0131q.<br \/><\/p>\n<p class=\"text-bold\"><a class=\"btn btn-link\" href=\"https:\/\/www.lekorasyon.com\" title=\"B\u0259z\u0259k\" aria-label=\"B\u0259z\u0259k\" target=\"_blank\">\u015eirk\u0259ti bax\u0131n<\/a><\/p><\/div><\/div><\/div><\/div><\/div><\/div><\/div><div class=\"wpb_column pos-top pos-center align_left column_child col-lg-3 col-md-50 col-md-clear col-sm-50 col-sm-clear single-internal-gutter\"><div class=\"uncol style-light\" ><div class=\"uncoltable\"><div class=\"uncell no-block-padding\" ><div class=\"uncont\" ><div class=\"icon-box icon-box-top  icon-media-image\" ><div class=\"icon-box-icon fa-container\" style=\"width:160px;\"><a role=\"button\" href=\"https:\/\/www.mesajstore.com\/\" title=\"Mesajlar ma\u011fazas\u0131\" aria-label=\"Mesajlar ma\u011fazas\u0131\" target=\"_blank\" class=\"fa fa-stack fa-1x btn-default fa-squared btn-shadow custom-link\"><img decoding=\"async\" class=\"\" src=\"https:\/\/www.mesajgroup.com\/wp-content\/uploads\/2025\/09\/Gemini_Generated_Image_a8s5ja8s5ja8s5ja.png\" width=\"1024\" height=\"1024\" alt=\"\"  \/><\/a><\/div><div class=\"icon-box-content\"><div class=\"icon-box-heading icon-box-fa-1x-back\"><h3 class=\"h3\"><a role=\"button\" href=\"https:\/\/www.mesajstore.com\/\" title=\"Mesajlar ma\u011fazas\u0131\" aria-label=\"Mesajlar ma\u011fazas\u0131\" target=\"_blank\">Mesajlar ma\u011fazas\u0131<\/a><\/h3><\/div>\n<p class=\"text-top-reduced text-small\" style=\"text-align: left;\">\u0130stifad\u0259\u00e7i dostu platformam\u0131z, t\u0259hl\u00fck\u0259siz \u00f6d\u0259ni\u015f infrastrukturumuz v\u0259 s\u00fcr\u0259tli \u00e7atd\u0131r\u0131lma \u015f\u0259b\u0259k\u0259miz say\u0259sind\u0259 ehtiyaclar\u0131n\u0131z\u0131 qar\u015f\u0131lama\u011f\u0131 sizin \u00fc\u00e7\u00fcn asanla\u015fd\u0131r\u0131r\u0131q. Biz h\u0259mi\u015f\u0259 m\u00fc\u015ft\u0259ri m\u0259mnunlu\u011funu prioritet edirik v\u0259 b\u00fct\u00fcn prosesl\u0259rimizi buna uy\u011fun \u015f\u0259kild\u0259 qururuq.<br \/><\/p>\n<p class=\"text-bold\"><a class=\"btn btn-link\" href=\"https:\/\/www.mesajstore.com\/\" title=\"Mesajlar ma\u011fazas\u0131\" aria-label=\"Mesajlar ma\u011fazas\u0131\" target=\"_blank\">\u015eirk\u0259ti bax\u0131n<\/a><\/p><\/div><\/div><\/div><\/div><\/div><\/div><\/div><\/div><\/div><\/div><\/div><\/div><\/div><\/div><\/div><script id=\"script-row-unique-0\" data-row=\"script-row-unique-0\" type=\"text\/javascript\" class=\"vc_controls\">UNCODE.initRow(document.getElementById(\"row-unique-0\"));<\/script><\/div><\/div><\/div>\n<\/div>","protected":false},"excerpt":{"rendered":"\u015eirketlerimizProjeden Kariyere, Hayat\u0131n Her Alan\u0131nda Yan\u0131n\u0131zday\u0131z Mesaj Group \u00e7at\u0131s\u0131 alt\u0131nda toplanan \u015firketlerimiz, her biri kendi alan\u0131nda uzmanla\u015farak, birbirini tamamlayan entegre [...]","protected":false},"author":1,"featured_media":0,"parent":0,"menu_order":0,"comment_status":"closed","ping_status":"closed","template":"","meta":{"footnotes":""},"class_list":["post-160186","page","type-page","status-publish","hentry"],"_links":{"self":[{"href":"https:\/\/www.mesajgroup.com\/az\/wp-json\/wp\/v2\/pages\/160186","targetHints":{"allow":["GET"]}}],"collection":[{"href":"https:\/\/www.mesajgroup.com\/az\/wp-json\/wp\/v2\/pages"}],"about":[{"href":"https:\/\/www.mesajgroup.com\/az\/wp-json\/wp\/v2\/types\/page"}],"author":[{"embeddable":true,"href":"https:\/\/www.mesajgroup.com\/az\/wp-json\/wp\/v2\/users\/1"}],"replies":[{"embeddable":true,"href":"https:\/\/www.mesajgroup.com\/az\/wp-json\/wp\/v2\/comments?post=160186"}],"version-history":[{"count":2,"href":"https:\/\/www.mesajgroup.com\/az\/wp-json\/wp\/v2\/pages\/160186\/revisions"}],"predecessor-version":[{"id":160235,"href":"https:\/\/www.mesajgroup.com\/az\/wp-json\/wp\/v2\/pages\/160186\/revisions\/160235"}],"wp:attachment":[{"href":"https:\/\/www.mesajgroup.com\/az\/wp-json\/wp\/v2\/media?parent=160186"}],"curies":[{"name":"wp","href":"https:\/\/api.w.org\/{rel}","templated":true}]}}