{"id":6549,"date":"2015-01-23T14:34:22","date_gmt":"2015-01-23T13:34:22","guid":{"rendered":"https:\/\/undsgn.com\/uncode\/?page_id=6549"},"modified":"2025-10-15T21:59:48","modified_gmt":"2025-10-15T18:59:48","slug":"hizmetler","status":"publish","type":"page","link":"https:\/\/www.mesajgroup.com\/az\/hizmetler\/","title":{"rendered":"Xidm\u0259tl\u0259r"},"content":{"rendered":"<div class=\"wpb-content-wrapper\"><div data-parent=\"true\" class=\"vc_row style-color-xsdn-bg row-container\" id=\"row-unique-0\"><div class=\"row col-no-gutter quad-top-padding quad-bottom-padding quad-h-padding full-width row-parent\" data-height-ratio=\"65\"><div class=\"wpb_row row-inner\"><div class=\"wpb_column pos-middle pos-center align_left column_parent col-lg-12 single-internal-gutter\"><div class=\"uncol style-light\"  ><div class=\"uncoltable\"><div class=\"uncell no-block-padding\" ><div class=\"uncont\" ><div class=\"vc_row row-internal row-container\"><div class=\"row row-child\"><div class=\"wpb_row row-inner\"><div class=\"wpb_column pos-top pos-center align_left column_child col-lg-4 no-internal-gutter\"><div class=\"uncol style-light\" ><div class=\"uncoltable\"><div class=\"uncell no-block-padding\" ><div class=\"uncont\" ><div class=\"empty-space empty-quart\" ><span class=\"empty-space-inner\"><\/span><\/div>\n<div class=\"vc_custom_heading_wrap\"><div class=\"heading-text el-text curtain animate_inner_when_almost_visible el-text-split\" ><h5 class=\"fontsize-160000 fontspace-135905 text-uppercase font-obs\" data-style=\"normal\" data-weight=\"600\" data-font=\"Inter\"><span class=\"heading-text-inner\"><span class=\"split-word word1\"><span class=\"split-word-flow\"><span class=\"split-word-inner\">H\u0130ZMETLER<\/span><\/span><\/span><\/span><\/h5><\/div><div class=\"clear\"><\/div><\/div><div class=\"empty-space empty-single\" ><span class=\"empty-space-inner\"><\/span><\/div>\n<\/div><\/div><\/div><\/div><\/div><div class=\"wpb_column pos-top pos-center align_left column_child col-lg-8 single-internal-gutter\"><div class=\"uncol style-light\" ><div class=\"uncoltable\"><div class=\"uncell no-block-padding\" ><div class=\"uncont\" ><div class=\"vc_custom_heading_wrap\"><div class=\"heading-text el-text alpha-anim animate_when_almost_visible\" data-delay=\"200\"><h2 class=\"fontsize-155944\" ><span>Her ihtiyac\u0131n\u0131za y\u00f6nelik b\u00fct\u00fcnc\u00fcl ve yenilik\u00e7i bir yakla\u015f\u0131m sunuyoruz.<\/span><\/h2><\/div><div class=\"clear\"><\/div><\/div><\/div><\/div><\/div><\/div><\/div><\/div><\/div><\/div><\/div><\/div><\/div><\/div><\/div><script id=\"script-row-unique-0\" data-row=\"script-row-unique-0\" type=\"text\/javascript\" class=\"vc_controls\">UNCODE.initRow(document.getElementById(\"row-unique-0\"));<\/script><\/div><\/div><\/div><div data-parent=\"true\" class=\"vc_row row-container\" id=\"row-unique-1\"><div class=\"row no-top-padding no-bottom-padding no-h-padding full-width row-parent\" data-height-ratio=\"full\"><div class=\"wpb_row row-inner\"><div class=\"wpb_column pos-top pos-left align_left column_parent col-lg-12 single-internal-gutter\"><div class=\"uncol style-dark font-175345\"  ><div class=\"uncoltable\"><div class=\"uncell no-block-padding\" ><div class=\"uncont\" ><div class=\"index-scroll index-scroll-width-vh hor-scroll-104206 hor-scroll-vh\" >\n\t\t\t\t\t\t\t\t\t\t\t\t\t<div class=\"index-wrapper index-scroll-wrapper clearfix no-gutter\" >\t\t\t\t\t\t\t\t\t\t\t\t<div class=\"index-row\" data-lg=\"2\" data-md=\"2\" data-sm=\"1\" data-direction=\"right\" data-wrap=\"column\" data-vp-height=\"100\" data-vp-height-md=\"100\" data-vp-height-sm=\"100\">\t\t\t<div class=\"tmb atc-typography-inherit tmb-iso-w12 tmb-iso-h100 tmb-light tmb-overlay-gradient-bottom tmb-text-showed tmb-overlay-showed tmb-overlay-text-reduced tmb-overlay-left tmb-overlay-bottom tmb-overlay-text-left tmb-entry-title-capitalize tmb-meta-size-default tmb-meta-weight-300  grid-cat-76 tmb-id-159702 tmb-media-first tmb-media-last tmb-content-overlay tmb-no-bg\" ><div class=\"t-inside animate_when_almost_visible right-t-left\" data-speed=\"1000\"><div class=\"t-entry-visual\"><div class=\"t-entry-visual-tc\"><div class=\"t-entry-visual-cont\"><a href=\"https:\/\/www.mesajgroup.com\/az\/hizmet\/yazilim-it-cozumleri\/\" target=\"_self\" data-lb-index=\"0\"><div class=\"t-entry-visual-overlay\"><div class=\"t-entry-visual-overlay-in style-color-jevc-bg\" style=\"opacity: 1;\"><\/div><\/div><div class=\"t-overlay-wrap\"><div class=\"t-overlay-inner\">\n\t\t\t\t\t\t\t\t\t\t\t\t\t\t<div class=\"t-overlay-content\">\n\t\t\t\t\t\t\t\t\t\t\t\t\t\t\t<div class=\"t-overlay-text single-block-padding\"><div class=\"t-entry\"><h3 class=\"t-entry-title font-175345 fontsize-210105 font-weight-400 fontspace-781688 title-scale\">Proqram t\u0259minat\u0131 v\u0259 \u0130T h\u0259ll\u0259ri<\/h3><\/div><\/div><\/div><\/div><\/div><div class=\"t-background-cover\" style=\"background-image:url('https:\/\/www.mesajgroup.com\/wp-content\/uploads\/2025\/09\/Gemini_Generated_Image_u8f7yu8f7yu8f7yu.png')\"><\/div><\/a><\/div>\n\t\t\t\t\t<\/div>\n\t\t\t\t<\/div><\/div><\/div><div class=\"tmb atc-typography-inherit tmb-iso-w6 tmb-iso-h33 tmb-light tmb-overlay-gradient-bottom tmb-text-showed tmb-overlay-showed tmb-overlay-text-reduced tmb-overlay-left tmb-overlay-bottom tmb-overlay-text-left tmb-entry-title-capitalize tmb-meta-size-default tmb-meta-weight-300  grid-cat-76 tmb-id-159706 tmb-media-first tmb-media-last tmb-content-overlay tmb-no-bg\" ><div class=\"t-inside animate_when_almost_visible right-t-left\" data-speed=\"1000\"><div class=\"t-entry-visual\"><div class=\"t-entry-visual-tc\"><div class=\"t-entry-visual-cont\"><a href=\"https:\/\/www.mesajgroup.com\/az\/hizmet\/sogutma-sistemleri\/\" target=\"_self\" data-lb-index=\"1\"><div class=\"t-entry-visual-overlay\"><div class=\"t-entry-visual-overlay-in style-color-jevc-bg\" style=\"opacity: 1;\"><\/div><\/div><div class=\"t-overlay-wrap\"><div class=\"t-overlay-inner\">\n\t\t\t\t\t\t\t\t\t\t\t\t\t\t<div class=\"t-overlay-content\">\n\t\t\t\t\t\t\t\t\t\t\t\t\t\t\t<div class=\"t-overlay-text single-block-padding\"><div class=\"t-entry\"><h3 class=\"t-entry-title font-175345 fontsize-210105 font-weight-400 fontspace-781688 title-scale\">Soyutma sisteml\u0259ri<\/h3><\/div><\/div><\/div><\/div><\/div><div class=\"t-background-cover\" style=\"background-image:url('https:\/\/www.mesajgroup.com\/wp-content\/uploads\/2025\/09\/Gemini_Generated_Image_4v62lt4v62lt4v62.png')\"><\/div><\/a><\/div>\n\t\t\t\t\t<\/div>\n\t\t\t\t<\/div><\/div><\/div>\t\t<\/div>\t\n\t\n\n\t<\/div>\t\t\t\t<\/div>\n<\/div><\/div><\/div><\/div><\/div><script id=\"script-row-unique-1\" data-row=\"script-row-unique-1\" type=\"text\/javascript\" class=\"vc_controls\">UNCODE.initRow(document.getElementById(\"row-unique-1\"));<\/script><\/div><\/div><\/div>\n<\/div>","protected":false},"excerpt":{"rendered":"So\u011futma Sistemleri End\u00fcstriyel So\u011futma Sistemleri \u00c7\u00f6z\u00fcmleri \u0130\u015fletmeniz i\u00e7in y\u00fcksek verimli, g\u00fcvenilir ve modern so\u011futma sistemleri tasarl\u0131yor ve kuruyoruz. End\u00fcstriyel So\u011futma [...]","protected":false},"author":1,"featured_media":159805,"parent":0,"menu_order":0,"comment_status":"open","ping_status":"closed","template":"","meta":{"footnotes":""},"class_list":["post-6549","page","type-page","status-publish","has-post-thumbnail","hentry"],"_links":{"self":[{"href":"https:\/\/www.mesajgroup.com\/az\/wp-json\/wp\/v2\/pages\/6549","targetHints":{"allow":["GET"]}}],"collection":[{"href":"https:\/\/www.mesajgroup.com\/az\/wp-json\/wp\/v2\/pages"}],"about":[{"href":"https:\/\/www.mesajgroup.com\/az\/wp-json\/wp\/v2\/types\/page"}],"author":[{"embeddable":true,"href":"https:\/\/www.mesajgroup.com\/az\/wp-json\/wp\/v2\/users\/1"}],"replies":[{"embeddable":true,"href":"https:\/\/www.mesajgroup.com\/az\/wp-json\/wp\/v2\/comments?post=6549"}],"version-history":[{"count":0,"href":"https:\/\/www.mesajgroup.com\/az\/wp-json\/wp\/v2\/pages\/6549\/revisions"}],"wp:featuredmedia":[{"embeddable":true,"href":"https:\/\/www.mesajgroup.com\/az\/wp-json\/wp\/v2\/media\/159805"}],"wp:attachment":[{"href":"https:\/\/www.mesajgroup.com\/az\/wp-json\/wp\/v2\/media?parent=6549"}],"curies":[{"name":"wp","href":"https:\/\/api.w.org\/{rel}","templated":true}]}}