{"id":160186,"date":"2025-10-08T22:05:42","date_gmt":"2025-10-08T19:05:42","guid":{"rendered":"https:\/\/www.mesajgroup.com\/?page_id=160186"},"modified":"2025-10-17T23:35:17","modified_gmt":"2025-10-17T20:35:17","slug":"sirketler","status":"publish","type":"page","link":"https:\/\/www.mesajgroup.com\/fr\/sirketler\/","title":{"rendered":"Entreprises"},"content":{"rendered":"<div class=\"wpb-content-wrapper\"><div data-parent=\"true\" class=\"vc_row row-container\" id=\"row-unique-0\"><div class=\"row col-double-gutter exa-top-padding quad-bottom-padding single-h-padding limit-width row-parent\"><div class=\"wpb_row row-inner\"><div class=\"wpb_column pos-top pos-center align_left column_parent col-lg-12 half-internal-gutter\"><div class=\"uncol style-light\"  ><div class=\"uncoltable\"><div class=\"uncell no-block-padding\" ><div class=\"uncont\" ><div class=\"vc_custom_heading_wrap\"><div class=\"heading-text el-text\" ><h6 class=\"fontsize-160000 fontspace-135905 text-accent-color text-uppercase\" ><span>Nos entreprises<\/span><\/h6><\/div><div class=\"clear\"><\/div><\/div><div class=\"vc_row row-internal row-container\"><div class=\"row row-child\"><div class=\"wpb_row row-inner\"><div class=\"wpb_column pos-top pos-center align_left column_child col-lg-4 half-internal-gutter\"><div class=\"uncol style-light\" ><div class=\"uncoltable\"><div class=\"uncell no-block-padding\" ><div class=\"uncont\" ><div class=\"vc_custom_heading_wrap\"><div class=\"heading-text el-text\" ><h3 class=\"h1\" ><span>Du projet \u00e0 la carri\u00e8re, nous vous accompagnons dans tous les domaines de la vie<\/span><\/h3><\/div><div class=\"clear\"><\/div><\/div><div class=\"empty-space empty-single desktop-hidden\" ><span class=\"empty-space-inner\"><\/span><\/div>\n<\/div><\/div><\/div><\/div><\/div><div class=\"wpb_column pos-top pos-center align_left column_child col-lg-2 tablet-hidden mobile-hidden single-internal-gutter\"><div class=\"uncol style-light\" ><div class=\"uncoltable\"><div class=\"uncell no-block-padding\" ><div class=\"uncont\" ><\/div><\/div><\/div><\/div><\/div><div class=\"wpb_column pos-top pos-center align_left column_child col-lg-6 single-internal-gutter\"><div class=\"uncol style-light\" ><div class=\"uncoltable\"><div class=\"uncell no-block-padding\" ><div class=\"uncont\" ><div class=\"uncode_text_column\" ><p>Nos entreprises r\u00e9unies sous le toit de Mesaj Group, chacune sp\u00e9cialis\u00e9e dans son propre domaine, offrent un concept de service int\u00e9gr\u00e9 qui se compl\u00e8te mutuellement. Nous produisons pour vous des solutions personnalis\u00e9es, innovantes et fiables dans tous les domaines de la vie, de la fondation de b\u00e2timents \u00e0 la fourniture de mat\u00e9riaux, de la transformation esth\u00e9tique d'int\u00e9rieurs \u00e0 la rencontre de talents professionnels avec les bonnes opportunit\u00e9s de carri\u00e8re. Notre objectif est d'ajouter de la valeur \u00e0 votre vie et \u00e0 vos objectifs gr\u00e2ce \u00e0 cette approche holistique, du projet \u00e0 la carri\u00e8re.<\/p>\n<\/div><\/div><\/div><\/div><\/div><\/div><\/div><\/div><\/div><div class=\"empty-space empty-single\" ><span class=\"empty-space-inner\"><\/span><\/div>\n<div class=\"vc_row row-internal row-container\"><div class=\"row row-child\"><div class=\"wpb_row row-inner\"><div class=\"wpb_column pos-top pos-center align_left column_child col-lg-3 col-md-50 col-sm-50 single-internal-gutter\"><div class=\"uncol style-light\" ><div class=\"uncoltable\"><div class=\"uncell no-block-padding\" ><div class=\"uncont\" ><div class=\"icon-box icon-box-top  icon-media-image\" ><div class=\"icon-box-icon fa-container\" style=\"width:160px;\"><a role=\"button\" href=\"https:\/\/www.mesajcareer.com\" title=\"Message Carri\u00e8re\" aria-label=\"Message Carri\u00e8re\" target=\"_blank\" class=\"fa fa-stack fa-1x btn-default fa-squared btn-shadow custom-link\"><img decoding=\"async\" class=\"\" src=\"https:\/\/www.mesajgroup.com\/wp-content\/uploads\/2025\/09\/Gemini_Generated_Image_3fmilo3fmilo3fmi.png\" width=\"1024\" height=\"1024\" alt=\"\"  \/><\/a><\/div><div class=\"icon-box-content\"><div class=\"icon-box-heading icon-box-fa-1x-back\"><h3 class=\"h3\"><a role=\"button\" href=\"https:\/\/www.mesajcareer.com\" title=\"Message Carri\u00e8re\" aria-label=\"Message Carri\u00e8re\" target=\"_blank\">Message Carri\u00e8re<\/a><\/h3><\/div>\n<p class=\"text-top-reduced text-small\" style=\"text-align: left;\">Notre objectif est d'offrir une structure int\u00e9gr\u00e9e qui r\u00e9ponde \u00e0 tous les besoins, de la simple demande d'emploi aux strat\u00e9gies complexes de gestion des talents. En simplifiant l'ensemble du processus, nous vous permettons d'utiliser votre potentiel de la mani\u00e8re la plus efficace possible et d'atteindre vos objectifs en toute confiance.<br \/><\/p>\n<p class=\"text-bold\"><a class=\"btn btn-link\" href=\"https:\/\/www.mesajcareer.com\" title=\"Message Carri\u00e8re\" aria-label=\"Message Carri\u00e8re\" target=\"_blank\">Voir l'entreprise<\/a><\/p><\/div><\/div><\/div><\/div><\/div><\/div><\/div><div class=\"wpb_column pos-top pos-center align_left column_child col-lg-3 col-md-50 col-sm-50 single-internal-gutter\"><div class=\"uncol style-light\" ><div class=\"uncoltable\"><div class=\"uncell no-block-padding\" ><div class=\"uncont\" ><div class=\"icon-box icon-box-top  icon-media-image\" ><div class=\"icon-box-icon fa-container\" style=\"width:160px;\"><a role=\"button\" href=\"https:\/\/www.mesajinsaat.com\" title=\"Post-construction\" aria-label=\"Post-construction\" target=\"_blank\" class=\"fa fa-stack fa-1x btn-default fa-squared btn-shadow custom-link\"><img decoding=\"async\" class=\"\" src=\"https:\/\/www.mesajgroup.com\/wp-content\/uploads\/2025\/09\/Gemini_Generated_Image_sltunqsltunqsltu.png\" width=\"1024\" height=\"1024\" alt=\"\"  \/><\/a><\/div><div class=\"icon-box-content\"><div class=\"icon-box-heading icon-box-fa-1x-back\"><h3 class=\"h3\"><a role=\"button\" href=\"https:\/\/www.mesajinsaat.com\" title=\"Post-construction\" aria-label=\"Post-construction\" target=\"_blank\">Post-construction<\/a><\/h3><\/div>\n<p class=\"text-top-reduced text-small\" style=\"text-align: left;\">Pour nous, chaque projet ne consiste pas seulement \u00e0 construire une structure, mais aussi \u00e0 instaurer une confiance in\u00e9branlable. Conform\u00e9ment \u00e0 ce principe, qui constitue la base de nos entreprises, nous g\u00e9rons m\u00e9ticuleusement tous les processus, du d\u00e9but \u00e0 la livraison, et nous tenons toujours nos promesses.<br \/><\/p>\n<p class=\"text-bold\"><a class=\"btn btn-link\" href=\"https:\/\/www.mesajinsaat.com\" title=\"Post-construction\" aria-label=\"Post-construction\" target=\"_blank\">Voir l'entreprise<\/a><\/p><\/div><\/div><\/div><\/div><\/div><\/div><\/div><div class=\"wpb_column pos-top pos-center align_left column_child col-lg-3 col-md-50 col-md-clear col-sm-50 col-sm-clear single-internal-gutter\"><div class=\"uncol style-light\" ><div class=\"uncoltable\"><div class=\"uncell no-block-padding\" ><div class=\"uncont\" ><div class=\"icon-box icon-box-top  icon-media-image\" ><div class=\"icon-box-icon fa-container\" style=\"width:160px;\"><a role=\"button\" href=\"https:\/\/www.lekorasyon.com\" title=\"D\u00e9coration\" aria-label=\"D\u00e9coration\" target=\"_blank\" class=\"fa fa-stack fa-1x btn-default fa-squared btn-shadow custom-link\"><img decoding=\"async\" class=\"\" src=\"https:\/\/www.mesajgroup.com\/wp-content\/uploads\/2025\/09\/Gemini_Generated_Image_s04u62s04u62s04u.png\" width=\"1024\" height=\"1024\" alt=\"\"  \/><\/a><\/div><div class=\"icon-box-content\"><div class=\"icon-box-heading icon-box-fa-1x-back\"><h3 class=\"h3\"><a role=\"button\" href=\"https:\/\/www.lekorasyon.com\" title=\"D\u00e9coration\" aria-label=\"D\u00e9coration\" target=\"_blank\">D\u00e9coration<\/a><\/h3><\/div>\n<p class=\"text-top-reduced text-small\" style=\"text-align: left;\">Gr\u00e2ce \u00e0 notre \u00e9quipe d'architectes et de designers exp\u00e9riment\u00e9s, nous vous accompagnons \u00e0 chaque \u00e9tape de votre projet, de la conception \u00e0 la s\u00e9lection des mat\u00e9riaux et \u00e0 la mise en \u0153uvre. Nous vous \u00e9coutons, nous comprenons votre mode de vie et nous produisons des solutions confortables et \u00e9l\u00e9gantes qui correspondent \u00e0 vos go\u00fbts.<br \/><\/p>\n<p class=\"text-bold\"><a class=\"btn btn-link\" href=\"https:\/\/www.lekorasyon.com\" title=\"D\u00e9coration\" aria-label=\"D\u00e9coration\" target=\"_blank\">Voir l'entreprise<\/a><\/p><\/div><\/div><\/div><\/div><\/div><\/div><\/div><div class=\"wpb_column pos-top pos-center align_left column_child col-lg-3 col-md-50 col-md-clear col-sm-50 col-sm-clear single-internal-gutter\"><div class=\"uncol style-light\" ><div class=\"uncoltable\"><div class=\"uncell no-block-padding\" ><div class=\"uncont\" ><div class=\"icon-box icon-box-top  icon-media-image\" ><div class=\"icon-box-icon fa-container\" style=\"width:160px;\"><a role=\"button\" href=\"https:\/\/www.mesajstore.com\/\" title=\"Magasin de messages\" aria-label=\"Magasin de messages\" target=\"_blank\" class=\"fa fa-stack fa-1x btn-default fa-squared btn-shadow custom-link\"><img decoding=\"async\" class=\"\" src=\"https:\/\/www.mesajgroup.com\/wp-content\/uploads\/2025\/09\/Gemini_Generated_Image_a8s5ja8s5ja8s5ja.png\" width=\"1024\" height=\"1024\" alt=\"\"  \/><\/a><\/div><div class=\"icon-box-content\"><div class=\"icon-box-heading icon-box-fa-1x-back\"><h3 class=\"h3\"><a role=\"button\" href=\"https:\/\/www.mesajstore.com\/\" title=\"Magasin de messages\" aria-label=\"Magasin de messages\" target=\"_blank\">Magasin de messages<\/a><\/h3><\/div>\n<p class=\"text-top-reduced text-small\" style=\"text-align: left;\">Nous veillons \u00e0 ce que vous puissiez facilement r\u00e9pondre \u00e0 vos besoins gr\u00e2ce \u00e0 notre plateforme conviviale, \u00e0 notre infrastructure de paiement s\u00e9curis\u00e9e et \u00e0 notre r\u00e9seau de livraison rapide. Nous consid\u00e9rons toujours la satisfaction du client comme notre priorit\u00e9 et nous fa\u00e7onnons tous nos processus en cons\u00e9quence.<br \/><\/p>\n<p class=\"text-bold\"><a class=\"btn btn-link\" href=\"https:\/\/www.mesajstore.com\/\" title=\"Magasin de messages\" aria-label=\"Magasin de messages\" target=\"_blank\">Voir l'entreprise<\/a><\/p><\/div><\/div><\/div><\/div><\/div><\/div><\/div><\/div><\/div><\/div><\/div><\/div><\/div><\/div><\/div><script id=\"script-row-unique-0\" data-row=\"script-row-unique-0\" type=\"text\/javascript\" class=\"vc_controls\">UNCODE.initRow(document.getElementById(\"row-unique-0\"));<\/script><\/div><\/div><\/div>\n<\/div>","protected":false},"excerpt":{"rendered":"\u015eirketlerimizProjeden Kariyere, Hayat\u0131n Her Alan\u0131nda Yan\u0131n\u0131zday\u0131z Mesaj Group \u00e7at\u0131s\u0131 alt\u0131nda toplanan \u015firketlerimiz, her biri kendi alan\u0131nda uzmanla\u015farak, birbirini tamamlayan entegre [...]","protected":false},"author":1,"featured_media":0,"parent":0,"menu_order":0,"comment_status":"closed","ping_status":"closed","template":"","meta":{"footnotes":""},"class_list":["post-160186","page","type-page","status-publish","hentry"],"_links":{"self":[{"href":"https:\/\/www.mesajgroup.com\/fr\/wp-json\/wp\/v2\/pages\/160186","targetHints":{"allow":["GET"]}}],"collection":[{"href":"https:\/\/www.mesajgroup.com\/fr\/wp-json\/wp\/v2\/pages"}],"about":[{"href":"https:\/\/www.mesajgroup.com\/fr\/wp-json\/wp\/v2\/types\/page"}],"author":[{"embeddable":true,"href":"https:\/\/www.mesajgroup.com\/fr\/wp-json\/wp\/v2\/users\/1"}],"replies":[{"embeddable":true,"href":"https:\/\/www.mesajgroup.com\/fr\/wp-json\/wp\/v2\/comments?post=160186"}],"version-history":[{"count":2,"href":"https:\/\/www.mesajgroup.com\/fr\/wp-json\/wp\/v2\/pages\/160186\/revisions"}],"predecessor-version":[{"id":160235,"href":"https:\/\/www.mesajgroup.com\/fr\/wp-json\/wp\/v2\/pages\/160186\/revisions\/160235"}],"wp:attachment":[{"href":"https:\/\/www.mesajgroup.com\/fr\/wp-json\/wp\/v2\/media?parent=160186"}],"curies":[{"name":"wp","href":"https:\/\/api.w.org\/{rel}","templated":true}]}}