{"id":54892,"date":"2017-03-31T14:50:49","date_gmt":"2017-03-31T12:50:49","guid":{"rendered":"https:\/\/undsgn.com\/uncode\/?page_id=54892"},"modified":"2025-10-15T21:59:02","modified_gmt":"2025-10-15T18:59:02","slug":"duyurular","status":"publish","type":"page","link":"https:\/\/www.mesajgroup.com\/fr\/duyurular\/","title":{"rendered":"Annonces"},"content":{"rendered":"<div class=\"wpb-content-wrapper\"><div data-parent=\"true\" class=\"vc_row style-color-xsdn-bg row-container\" id=\"row-unique-0\"><div class=\"row col-no-gutter quad-top-padding quad-bottom-padding quad-h-padding full-width row-parent\" data-height-ratio=\"65\"><div class=\"wpb_row row-inner\"><div class=\"wpb_column pos-middle pos-center align_left column_parent col-lg-12 single-internal-gutter\"><div class=\"uncol style-light\"  ><div class=\"uncoltable\"><div class=\"uncell no-block-padding\" ><div class=\"uncont\" ><div class=\"vc_row row-internal row-container\"><div class=\"row row-child\"><div class=\"wpb_row row-inner\"><div class=\"wpb_column pos-top pos-center align_left column_child col-lg-4 no-internal-gutter\"><div class=\"uncol style-light\" ><div class=\"uncoltable\"><div class=\"uncell no-block-padding\" ><div class=\"uncont\" ><div class=\"empty-space empty-quart\" ><span class=\"empty-space-inner\"><\/span><\/div>\n<div class=\"vc_custom_heading_wrap\"><div class=\"heading-text el-text curtain animate_inner_when_almost_visible el-text-split\" ><h5 class=\"fontsize-160000 fontspace-135905 text-uppercase font-obs\" data-style=\"normal\" data-weight=\"600\" data-font=\"Inter\"><span class=\"heading-text-inner\"><span class=\"split-word word1\"><span class=\"split-word-flow\"><span class=\"split-word-inner\">DUYURULAR<\/span><\/span><\/span><\/span><\/h5><\/div><div class=\"clear\"><\/div><\/div><div class=\"empty-space empty-single\" ><span class=\"empty-space-inner\"><\/span><\/div>\n<\/div><\/div><\/div><\/div><\/div><div class=\"wpb_column pos-top pos-center align_left column_child col-lg-8 single-internal-gutter\"><div class=\"uncol style-light\" ><div class=\"uncoltable\"><div class=\"uncell no-block-padding\" ><div class=\"uncont\" ><div class=\"vc_custom_heading_wrap\"><div class=\"heading-text el-text alpha-anim animate_when_almost_visible\" data-delay=\"200\"><h2 class=\"fontsize-155944\" ><span>Gelece\u011fe do\u011fru b\u00fcy\u00fck ve heyecan verici ad\u0131mlar at\u0131yoruz. Bizi takip edin.<\/span><\/h2><\/div><div class=\"clear\"><\/div><\/div><\/div><\/div><\/div><\/div><\/div><\/div><\/div><\/div><\/div><\/div><\/div><\/div><\/div><script id=\"script-row-unique-0\" data-row=\"script-row-unique-0\" type=\"text\/javascript\" class=\"vc_controls\">UNCODE.initRow(document.getElementById(\"row-unique-0\"));<\/script><\/div><\/div><\/div><div data-parent=\"true\" class=\"vc_row overflow-hidden style-color-nhtu-bg row-container onepage-section\" data-label=\"blog\" data-name=\"blog\" id=\"row-unique-1\"><div class=\"row no-top-padding no-bottom-padding no-h-padding full-width row-parent\" data-height-ratio=\"full\"><div class=\"wpb_row row-inner\"><div class=\"wpb_column pos-top pos-center align_left column_parent col-lg-12 single-internal-gutter\"><div class=\"uncol style-dark font-846016\"  ><div class=\"uncoltable\"><div class=\"uncell no-block-padding\" ><div class=\"uncont\" ><div id=\"index-16788\" class=\"isotope-system isotope-general-light grid-general-light\" >\n\t\t\t\n\t\t\t\t\t\t\t\t\t\t\t\t\t\t<div class=\"isotope-wrapper grid-wrapper no-gutter\" >\t\t\t\t\t\t\t\t\t\t\t\t<div class=\"isotope-container grid-container isotope-layout style-metro isotope-pagination grid-pagination\" data-type=\"metro\" data-layout=\"masonry\" data-lg=\"960\" data-md=\"770\" data-sm=\"640\" data-vp-height=\"1\">\t\t\t<div class=\"tmb atc-typography-inherit tmb-iso-w6 tmb-iso-h100 tmb-light tmb-overlay-gradient-bottom tmb-text-showed tmb-overlay-showed tmb-overlay-text-reduced tmb-overlay-left tmb-overlay-text-wide-sm tmb-overlay-bottom tmb-overlay-text-left  grid-cat-77 tmb-no-double-tap tmb-id-159810 tmb-media-first tmb-media-last tmb-content-overlay tmb-no-bg\" ><div class=\"t-inside no-anim\" ><div class=\"t-entry-visual\"><div class=\"t-entry-visual-tc\"><div class=\"t-entry-visual-cont\"><a href=\"https:\/\/www.mesajgroup.com\/fr\/duyuru\/yaratici-projeleriniz-ve-innovasyonlariniz-icin-finansal-destek-sagliyoruz\/\" target=\"_self\" data-lb-index=\"0\"><div class=\"t-entry-visual-overlay\"><div class=\"t-entry-visual-overlay-in style-color-jevc-bg\" style=\"opacity: 0.9;\"><\/div><\/div><div class=\"t-overlay-wrap\"><div class=\"t-overlay-inner\">\n\t\t\t\t\t\t\t\t\t\t\t\t\t\t<div class=\"t-overlay-content\">\n\t\t\t\t\t\t\t\t\t\t\t\t\t\t\t<div class=\"t-overlay-text double-block-padding\"><div class=\"t-entry\"><h3 class=\"t-entry-title font-846016 h1 font-weight-800 fontheight-357766 fontspace-781688 title-scale\">Nous apportons un soutien financier \u00e0 vos projets cr\u00e9atifs et \u00e0 vos innovations.<\/h3><\/div><\/div><\/div><\/div><\/div><div class=\"t-background-cover\" style=\"background-image:url('https:\/\/www.mesajgroup.com\/wp-content\/uploads\/2025\/10\/Gemini_Generated_Image_flfhmflfhmflfhmf.png')\"><\/div><\/a><\/div>\n\t\t\t\t\t<\/div>\n\t\t\t\t<\/div><\/div><\/div><div class=\"tmb atc-typography-inherit tmb-iso-w3 tmb-iso-h50 tmb-light tmb-overlay-gradient-bottom tmb-text-showed tmb-overlay-showed tmb-overlay-text-reduced tmb-overlay-left tmb-overlay-text-wide-sm tmb-overlay-bottom tmb-overlay-text-left  grid-cat-77 tmb-no-double-tap tmb-id-159806 tmb-media-first tmb-media-last tmb-content-overlay tmb-no-bg\" ><div class=\"t-inside no-anim\" ><div class=\"t-entry-visual\"><div class=\"t-entry-visual-tc\"><div class=\"t-entry-visual-cont\"><a href=\"https:\/\/www.mesajgroup.com\/fr\/duyuru\/finansal-kaynaklarinizi-karliligi-yuksek-yatirimlara-ceviriyoruz\/\" target=\"_self\" data-lb-index=\"1\"><div class=\"t-entry-visual-overlay\"><div class=\"t-entry-visual-overlay-in style-color-jevc-bg\" style=\"opacity: 0.9;\"><\/div><\/div><div class=\"t-overlay-wrap\"><div class=\"t-overlay-inner\">\n\t\t\t\t\t\t\t\t\t\t\t\t\t\t<div class=\"t-overlay-content\">\n\t\t\t\t\t\t\t\t\t\t\t\t\t\t\t<div class=\"t-overlay-text double-block-padding\"><div class=\"t-entry\"><h3 class=\"t-entry-title font-846016 h1 font-weight-800 fontheight-357766 fontspace-781688 title-scale\">Nous transformons vos ressources financi\u00e8res en investissements tr\u00e8s rentables.<\/h3><\/div><\/div><\/div><\/div><\/div><div class=\"t-background-cover\" style=\"background-image:url('https:\/\/www.mesajgroup.com\/wp-content\/uploads\/2025\/10\/Gemini_Generated_Image_iymfciymfciymfci.png')\"><\/div><\/a><\/div>\n\t\t\t\t\t<\/div>\n\t\t\t\t<\/div><\/div><\/div><div class=\"tmb atc-typography-inherit tmb-iso-w3 tmb-iso-h50 tmb-light tmb-overlay-gradient-bottom tmb-text-showed tmb-overlay-showed tmb-overlay-text-reduced tmb-overlay-left tmb-overlay-text-wide-sm tmb-overlay-bottom tmb-overlay-text-left  grid-cat-77 tmb-no-double-tap tmb-id-159801 tmb-media-first tmb-media-last tmb-content-overlay tmb-no-bg\" ><div class=\"t-inside no-anim\" ><div class=\"t-entry-visual\"><div class=\"t-entry-visual-tc\"><div class=\"t-entry-visual-cont\"><a href=\"https:\/\/www.mesajgroup.com\/fr\/duyuru\/uluslararasi-bazda-finans-ve-is-ortaklari-araniyor\/\" target=\"_self\" data-lb-index=\"2\"><div class=\"t-entry-visual-overlay\"><div class=\"t-entry-visual-overlay-in style-color-jevc-bg\" style=\"opacity: 0.9;\"><\/div><\/div><div class=\"t-overlay-wrap\"><div class=\"t-overlay-inner\">\n\t\t\t\t\t\t\t\t\t\t\t\t\t\t<div class=\"t-overlay-content\">\n\t\t\t\t\t\t\t\t\t\t\t\t\t\t\t<div class=\"t-overlay-text double-block-padding\"><div class=\"t-entry\"><h3 class=\"t-entry-title font-846016 h1 font-weight-800 fontheight-357766 fontspace-781688 title-scale\">Recherche de partenaires financiers et commerciaux \u00e0 l'\u00e9chelle internationale.<\/h3><\/div><\/div><\/div><\/div><\/div><div class=\"t-background-cover\" style=\"background-image:url('https:\/\/www.mesajgroup.com\/wp-content\/uploads\/2025\/10\/Gemini_Generated_Image_5sohl65sohl65soh.png')\"><\/div><\/a><\/div>\n\t\t\t\t\t<\/div>\n\t\t\t\t<\/div><\/div><\/div><div class=\"tmb atc-typography-inherit tmb-iso-w6 tmb-iso-h50 tmb-light tmb-overlay-gradient-bottom tmb-text-showed tmb-overlay-showed tmb-overlay-text-reduced tmb-overlay-left tmb-overlay-text-wide-sm tmb-overlay-bottom tmb-overlay-text-left  grid-cat-77 tmb-no-double-tap tmb-id-159788 tmb-media-first tmb-media-last tmb-content-overlay tmb-no-bg\" ><div class=\"t-inside no-anim\" ><div class=\"t-entry-visual\"><div class=\"t-entry-visual-tc\"><div class=\"t-entry-visual-cont\"><a href=\"https:\/\/www.mesajgroup.com\/fr\/duyuru\/mesaj-insaat-sincan-yenikentte-21-net-80m%c2%b2-daireler-satiyor\/\" target=\"_self\" data-lb-index=\"3\"><div class=\"t-entry-visual-overlay\"><div class=\"t-entry-visual-overlay-in style-color-jevc-bg\" style=\"opacity: 0.9;\"><\/div><\/div><div class=\"t-overlay-wrap\"><div class=\"t-overlay-inner\">\n\t\t\t\t\t\t\t\t\t\t\t\t\t\t<div class=\"t-overlay-content\">\n\t\t\t\t\t\t\t\t\t\t\t\t\t\t\t<div class=\"t-overlay-text double-block-padding\"><div class=\"t-entry\"><h3 class=\"t-entry-title font-846016 h1 font-weight-800 fontheight-357766 fontspace-781688 title-scale\">Mesaj \u0130n\u015faat Sincan\/Yenikent\u2019te 2+1 Net 80m\u00b2 Daireler Sat\u0131yor!<\/h3><\/div><\/div><\/div><\/div><\/div><div class=\"t-background-cover\" style=\"background-image:url('https:\/\/www.mesajgroup.com\/wp-content\/uploads\/2025\/10\/SincanYenikent21-90m2.png')\"><\/div><\/a><\/div>\n\t\t\t\t\t<\/div>\n\t\t\t\t<\/div><\/div><\/div>\t\t<\/div>\t\n\t\n\n\t<\/div>\t\t\t\t<\/div>\n<\/div><\/div><\/div><\/div><\/div><script id=\"script-row-unique-1\" data-row=\"script-row-unique-1\" type=\"text\/javascript\" class=\"vc_controls\">UNCODE.initRow(document.getElementById(\"row-unique-1\"));<\/script><\/div><\/div><\/div>\n<\/div>","protected":false},"excerpt":{"rendered":"Sincan\/Yenikent Sat\u0131l\u0131k Daireler Mesaj \u0130n\u015faat G\u00fcvencesiyle Sincan\/Yenikent\u2019te Hayalinizdeki Daire Modern ya\u015fam\u0131n t\u00fcm konforunu sunan, 2+1 net 80 m\u00b2 dairelerimizde yeni [...]","protected":false},"author":1,"featured_media":159784,"parent":0,"menu_order":0,"comment_status":"closed","ping_status":"closed","template":"","meta":{"footnotes":""},"class_list":["post-54892","page","type-page","status-publish","has-post-thumbnail","hentry"],"_links":{"self":[{"href":"https:\/\/www.mesajgroup.com\/fr\/wp-json\/wp\/v2\/pages\/54892","targetHints":{"allow":["GET"]}}],"collection":[{"href":"https:\/\/www.mesajgroup.com\/fr\/wp-json\/wp\/v2\/pages"}],"about":[{"href":"https:\/\/www.mesajgroup.com\/fr\/wp-json\/wp\/v2\/types\/page"}],"author":[{"embeddable":true,"href":"https:\/\/www.mesajgroup.com\/fr\/wp-json\/wp\/v2\/users\/1"}],"replies":[{"embeddable":true,"href":"https:\/\/www.mesajgroup.com\/fr\/wp-json\/wp\/v2\/comments?post=54892"}],"version-history":[{"count":0,"href":"https:\/\/www.mesajgroup.com\/fr\/wp-json\/wp\/v2\/pages\/54892\/revisions"}],"wp:featuredmedia":[{"embeddable":true,"href":"https:\/\/www.mesajgroup.com\/fr\/wp-json\/wp\/v2\/media\/159784"}],"wp:attachment":[{"href":"https:\/\/www.mesajgroup.com\/fr\/wp-json\/wp\/v2\/media?parent=54892"}],"curies":[{"name":"wp","href":"https:\/\/api.w.org\/{rel}","templated":true}]}}