{"id":160186,"date":"2025-10-08T22:05:42","date_gmt":"2025-10-08T19:05:42","guid":{"rendered":"https:\/\/www.mesajgroup.com\/?page_id=160186"},"modified":"2025-10-17T23:35:17","modified_gmt":"2025-10-17T20:35:17","slug":"sirketler","status":"publish","type":"page","link":"https:\/\/www.mesajgroup.com\/hi\/sirketler\/","title":{"rendered":"\u0915\u0902\u092a\u0928\u093f\u092f\u093e\u0901"},"content":{"rendered":"<div class=\"wpb-content-wrapper\"><div data-parent=\"true\" class=\"vc_row row-container\" id=\"row-unique-0\"><div class=\"row col-double-gutter exa-top-padding quad-bottom-padding single-h-padding limit-width row-parent\"><div class=\"wpb_row row-inner\"><div class=\"wpb_column pos-top pos-center align_left column_parent col-lg-12 half-internal-gutter\"><div class=\"uncol style-light\"  ><div class=\"uncoltable\"><div class=\"uncell no-block-padding\" ><div class=\"uncont\" ><div class=\"vc_custom_heading_wrap\"><div class=\"heading-text el-text\" ><h6 class=\"fontsize-160000 fontspace-135905 text-accent-color text-uppercase\" ><span>\u0939\u092e\u093e\u0930\u0940 \u0915\u0902\u092a\u0928\u093f\u092f\u093e\u0901<\/span><\/h6><\/div><div class=\"clear\"><\/div><\/div><div class=\"vc_row row-internal row-container\"><div class=\"row row-child\"><div class=\"wpb_row row-inner\"><div class=\"wpb_column pos-top pos-center align_left column_child col-lg-4 half-internal-gutter\"><div class=\"uncol style-light\" ><div class=\"uncoltable\"><div class=\"uncell no-block-padding\" ><div class=\"uncont\" ><div class=\"vc_custom_heading_wrap\"><div class=\"heading-text el-text\" ><h3 class=\"h1\" ><span>\u092a\u0930\u093f\u092f\u094b\u091c\u0928\u093e \u0938\u0947 \u0915\u0930\u093f\u092f\u0930 \u0924\u0915: \u0939\u092e \u091c\u0940\u0935\u0928 \u0915\u0947 \u0939\u0930 \u092a\u0939\u0932\u0942 \u092e\u0947\u0902 \u0906\u092a\u0915\u0947 \u0938\u093e\u0925 \u0939\u0948\u0902\u0964<\/span><\/h3><\/div><div class=\"clear\"><\/div><\/div><div class=\"empty-space empty-single desktop-hidden\" ><span class=\"empty-space-inner\"><\/span><\/div>\n<\/div><\/div><\/div><\/div><\/div><div class=\"wpb_column pos-top pos-center align_left column_child col-lg-2 tablet-hidden mobile-hidden single-internal-gutter\"><div class=\"uncol style-light\" ><div class=\"uncoltable\"><div class=\"uncell no-block-padding\" ><div class=\"uncont\" ><\/div><\/div><\/div><\/div><\/div><div class=\"wpb_column pos-top pos-center align_left column_child col-lg-6 single-internal-gutter\"><div class=\"uncol style-light\" ><div class=\"uncoltable\"><div class=\"uncell no-block-padding\" ><div class=\"uncont\" ><div class=\"uncode_text_column\" ><p>\u092e\u0947\u0938\u093e\u091c \u0917\u094d\u0930\u0941\u092a \u0915\u0947 \u0905\u0902\u0924\u0930\u094d\u0917\u0924 \u0906\u0928\u0947 \u0935\u093e\u0932\u0940 \u0915\u0902\u092a\u0928\u093f\u092f\u093e\u0901, \u091c\u094b \u092a\u094d\u0930\u0924\u094d\u092f\u0947\u0915 \u0905\u092a\u0928\u0947-\u0905\u092a\u0928\u0947 \u0915\u094d\u0937\u0947\u0924\u094d\u0930 \u092e\u0947\u0902 \u0935\u093f\u0936\u0947\u0937\u091c\u094d\u091e \u0939\u0948\u0902, \u090f\u0915 \u0935\u094d\u092f\u093e\u092a\u0915, \u090f\u0915\u0940\u0915\u0943\u0924 \u0938\u0947\u0935\u093e \u0926\u0943\u0937\u094d\u091f\u093f\u0915\u094b\u0923 \u092a\u094d\u0930\u0926\u093e\u0928 \u0915\u0930\u0924\u0940 \u0939\u0948\u0902 \u091c\u094b \u090f\u0915-\u0926\u0942\u0938\u0930\u0947 \u0915\u0947 \u092a\u0942\u0930\u0915 \u0939\u0948\u0902\u0964 \u092d\u0935\u0928 \u0915\u0940 \u0928\u0940\u0902\u0935 \u0938\u0947 \u0932\u0947\u0915\u0930 \u0938\u093e\u092e\u0917\u094d\u0930\u0940 \u0915\u0940 \u0906\u092a\u0942\u0930\u094d\u0924\u093f \u0924\u0915, \u0914\u0930 \u0906\u0902\u0924\u0930\u093f\u0915 \u0938\u091c\u093e\u0935\u091f \u0915\u0947 \u0938\u094c\u0902\u0926\u0930\u094d\u092f \u0930\u0942\u092a\u093e\u0902\u0924\u0930\u0923 \u0938\u0947 \u0932\u0947\u0915\u0930 \u092a\u0947\u0936\u0947\u0935\u0930 \u092a\u094d\u0930\u0924\u093f\u092d\u093e \u0915\u094b \u0938\u0939\u0940 \u0915\u0930\u093f\u092f\u0930 \u0905\u0935\u0938\u0930\u094b\u0902 \u0938\u0947 \u091c\u094b\u0921\u093c\u0928\u0947 \u0924\u0915, \u0939\u092e \u091c\u0940\u0935\u0928 \u0915\u0947 \u0939\u0930 \u092a\u0939\u0932\u0942 \u092e\u0947\u0902 \u0905\u0928\u0941\u0915\u0942\u0932\u093f\u0924, \u0928\u0935\u094b\u0928\u094d\u092e\u0947\u0937\u0940 \u0914\u0930 \u0935\u093f\u0936\u094d\u0935\u0938\u0928\u0940\u092f \u0938\u092e\u093e\u0927\u093e\u0928 \u0924\u0948\u092f\u093e\u0930 \u0915\u0930\u0924\u0947 \u0939\u0948\u0902\u0964 \u0939\u092e\u093e\u0930\u093e \u0909\u0926\u094d\u0926\u0947\u0936\u094d\u092f \u0907\u0938 \u0938\u092e\u0917\u094d\u0930 \u0926\u0943\u0937\u094d\u091f\u093f\u0915\u094b\u0923 \u0915\u0947 \u092e\u093e\u0927\u094d\u092f\u092e \u0938\u0947 \u092a\u0930\u093f\u092f\u094b\u091c\u0928\u093e\u0913\u0902 \u0938\u0947 \u0932\u0947\u0915\u0930 \u0915\u0930\u093f\u092f\u0930 \u0924\u0915 \u0906\u092a\u0915\u0947 \u091c\u0940\u0935\u0928 \u0914\u0930 \u0906\u092a\u0915\u0947 \u0932\u0915\u094d\u0937\u094d\u092f\u094b\u0902 \u092e\u0947\u0902 \u092e\u0942\u0932\u094d\u092f \u091c\u094b\u0921\u093c\u0928\u093e \u0939\u0948\u0964.<\/p>\n<\/div><\/div><\/div><\/div><\/div><\/div><\/div><\/div><\/div><div class=\"empty-space empty-single\" ><span class=\"empty-space-inner\"><\/span><\/div>\n<div class=\"vc_row row-internal row-container\"><div class=\"row row-child\"><div class=\"wpb_row row-inner\"><div class=\"wpb_column pos-top pos-center align_left column_child col-lg-3 col-md-50 col-sm-50 single-internal-gutter\"><div class=\"uncol style-light\" ><div class=\"uncoltable\"><div class=\"uncell no-block-padding\" ><div class=\"uncont\" ><div class=\"icon-box icon-box-top  icon-media-image\" ><div class=\"icon-box-icon fa-container\" style=\"width:160px;\"><a role=\"button\" href=\"https:\/\/www.mesajcareer.com\" title=\"\u0938\u0902\u0926\u0947\u0936 \u0915\u0930\u093f\u092f\u0930\" aria-label=\"\u0938\u0902\u0926\u0947\u0936 \u0915\u0930\u093f\u092f\u0930\" target=\"_blank\" class=\"fa fa-stack fa-1x btn-default fa-squared btn-shadow custom-link\"><img decoding=\"async\" class=\"\" src=\"https:\/\/www.mesajgroup.com\/wp-content\/uploads\/2025\/09\/Gemini_Generated_Image_3fmilo3fmilo3fmi.png\" width=\"1024\" height=\"1024\" alt=\"\"  \/><\/a><\/div><div class=\"icon-box-content\"><div class=\"icon-box-heading icon-box-fa-1x-back\"><h3 class=\"h3\"><a role=\"button\" href=\"https:\/\/www.mesajcareer.com\" title=\"\u0938\u0902\u0926\u0947\u0936 \u0915\u0930\u093f\u092f\u0930\" aria-label=\"\u0938\u0902\u0926\u0947\u0936 \u0915\u0930\u093f\u092f\u0930\" target=\"_blank\">\u0938\u0902\u0926\u0947\u0936 \u0915\u0930\u093f\u092f\u0930<\/a><\/h3><\/div>\n<p class=\"text-top-reduced text-small\" style=\"text-align: left;\">\u0939\u092e\u093e\u0930\u093e \u0909\u0926\u094d\u0926\u0947\u0936\u094d\u092f \u090f\u0915 \u090f\u0915\u0940\u0915\u0943\u0924 \u0938\u092e\u093e\u0927\u093e\u0928 \u092a\u094d\u0930\u0926\u093e\u0928 \u0915\u0930\u0928\u093e \u0939\u0948 \u091c\u094b \u0938\u0930\u0932 \u0928\u094c\u0915\u0930\u0940 \u0906\u0935\u0947\u0926\u0928\u094b\u0902 \u0938\u0947 \u0932\u0947\u0915\u0930 \u091c\u091f\u093f\u0932 \u092a\u094d\u0930\u0924\u093f\u092d\u093e \u092a\u094d\u0930\u092c\u0902\u0927\u0928 \u0930\u0923\u0928\u0940\u0924\u093f\u092f\u094b\u0902 \u0924\u0915 \u0939\u0930 \u0906\u0935\u0936\u094d\u092f\u0915\u0924\u093e \u0915\u094b \u092a\u0942\u0930\u093e \u0915\u0930\u0924\u093e \u0939\u0948\u0964 \u092a\u0942\u0930\u0940 \u092a\u094d\u0930\u0915\u094d\u0930\u093f\u092f\u093e \u0915\u094b \u0906\u092a\u0915\u0947 \u0932\u093f\u090f \u0938\u0941\u0935\u094d\u092f\u0935\u0938\u094d\u0925\u093f\u0924 \u0915\u0930\u0915\u0947, \u0939\u092e \u0906\u092a\u0915\u094b \u0905\u092a\u0928\u0940 \u0915\u094d\u0937\u092e\u0924\u093e \u0915\u093e \u0905\u0927\u093f\u0915\u0924\u092e \u0909\u092a\u092f\u094b\u0917 \u0915\u0930\u0928\u0947 \u0914\u0930 \u0906\u0924\u094d\u092e\u0935\u093f\u0936\u094d\u0935\u093e\u0938 \u0915\u0947 \u0938\u093e\u0925 \u0905\u092a\u0928\u0947 \u0932\u0915\u094d\u0937\u094d\u092f\u094b\u0902 \u0915\u094b \u092a\u094d\u0930\u093e\u092a\u094d\u0924 \u0915\u0930\u0928\u0947 \u092e\u0947\u0902 \u0938\u0915\u094d\u0937\u092e \u092c\u0928\u093e\u0924\u0947 \u0939\u0948\u0902\u0964.<br \/><\/p>\n<p class=\"text-bold\"><a class=\"btn btn-link\" href=\"https:\/\/www.mesajcareer.com\" title=\"\u0938\u0902\u0926\u0947\u0936 \u0915\u0930\u093f\u092f\u0930\" aria-label=\"\u0938\u0902\u0926\u0947\u0936 \u0915\u0930\u093f\u092f\u0930\" target=\"_blank\">\u0915\u0902\u092a\u0928\u0940 \u0926\u0947\u0916\u0947\u0902<\/a><\/p><\/div><\/div><\/div><\/div><\/div><\/div><\/div><div class=\"wpb_column pos-top pos-center align_left column_child col-lg-3 col-md-50 col-sm-50 single-internal-gutter\"><div class=\"uncol style-light\" ><div class=\"uncoltable\"><div class=\"uncell no-block-padding\" ><div class=\"uncont\" ><div class=\"icon-box icon-box-top  icon-media-image\" ><div class=\"icon-box-icon fa-container\" style=\"width:160px;\"><a role=\"button\" href=\"https:\/\/www.mesajinsaat.com\" title=\"\u0938\u0902\u0926\u0947\u0936 \u0928\u093f\u0930\u094d\u092e\u093e\u0923\" aria-label=\"\u0938\u0902\u0926\u0947\u0936 \u0928\u093f\u0930\u094d\u092e\u093e\u0923\" target=\"_blank\" class=\"fa fa-stack fa-1x btn-default fa-squared btn-shadow custom-link\"><img decoding=\"async\" class=\"\" src=\"https:\/\/www.mesajgroup.com\/wp-content\/uploads\/2025\/09\/Gemini_Generated_Image_sltunqsltunqsltu.png\" width=\"1024\" height=\"1024\" alt=\"\"  \/><\/a><\/div><div class=\"icon-box-content\"><div class=\"icon-box-heading icon-box-fa-1x-back\"><h3 class=\"h3\"><a role=\"button\" href=\"https:\/\/www.mesajinsaat.com\" title=\"\u0938\u0902\u0926\u0947\u0936 \u0928\u093f\u0930\u094d\u092e\u093e\u0923\" aria-label=\"\u0938\u0902\u0926\u0947\u0936 \u0928\u093f\u0930\u094d\u092e\u093e\u0923\" target=\"_blank\">\u0938\u0902\u0926\u0947\u0936 \u0928\u093f\u0930\u094d\u092e\u093e\u0923<\/a><\/h3><\/div>\n<p class=\"text-top-reduced text-small\" style=\"text-align: left;\">\u0939\u092e\u093e\u0930\u0947 \u0932\u093f\u090f \u0939\u0930 \u092a\u0930\u093f\u092f\u094b\u091c\u0928\u093e \u0915\u0947\u0935\u0932 \u090f\u0915 \u0938\u0902\u0930\u091a\u0928\u093e \u092c\u0928\u093e\u0928\u0947 \u0915\u0947 \u092c\u093e\u0930\u0947 \u092e\u0947\u0902 \u0928\u0939\u0940\u0902, \u092c\u0932\u094d\u0915\u093f \u0905\u091f\u0942\u091f \u0935\u093f\u0936\u094d\u0935\u093e\u0938 \u092c\u0928\u093e\u0928\u0947 \u0915\u0947 \u092c\u093e\u0930\u0947 \u092e\u0947\u0902 \u092d\u0940 \u0939\u0948\u0964 \u0907\u0938 \u0938\u093f\u0926\u094d\u0927\u093e\u0902\u0924 \u0915\u0947 \u0905\u0928\u0941\u0930\u0942\u092a, \u091c\u094b \u0939\u092e\u093e\u0930\u0940 \u0915\u0902\u092a\u0928\u093f\u092f\u094b\u0902 \u0915\u0940 \u0928\u0940\u0902\u0935 \u0939\u0948, \u0939\u092e \u092a\u094d\u0930\u0915\u094d\u0930\u093f\u092f\u093e \u0915\u0947 \u092a\u094d\u0930\u0924\u094d\u092f\u0947\u0915 \u091a\u0930\u0923 \u0915\u094b \u0906\u0930\u0902\u092d \u0938\u0947 \u0905\u0902\u0924 \u0924\u0915 \u0905\u0924\u094d\u092f\u0902\u0924 \u0938\u093e\u0935\u0927\u093e\u0928\u0940 \u0938\u0947 \u092a\u094d\u0930\u092c\u0902\u0927\u093f\u0924 \u0915\u0930\u0924\u0947 \u0939\u0948\u0902 \u0914\u0930 \u0939\u092e\u0947\u0936\u093e \u0905\u092a\u0928\u0940 \u092a\u094d\u0930\u0924\u093f\u092c\u0926\u094d\u0927\u0924\u093e\u0913\u0902 \u0915\u093e \u092a\u093e\u0932\u0928 \u0915\u0930\u0924\u0947 \u0939\u0948\u0902\u0964.<br \/><\/p>\n<p class=\"text-bold\"><a class=\"btn btn-link\" href=\"https:\/\/www.mesajinsaat.com\" title=\"\u0938\u0902\u0926\u0947\u0936 \u0928\u093f\u0930\u094d\u092e\u093e\u0923\" aria-label=\"\u0938\u0902\u0926\u0947\u0936 \u0928\u093f\u0930\u094d\u092e\u093e\u0923\" target=\"_blank\">\u0915\u0902\u092a\u0928\u0940 \u0926\u0947\u0916\u0947\u0902<\/a><\/p><\/div><\/div><\/div><\/div><\/div><\/div><\/div><div class=\"wpb_column pos-top pos-center align_left column_child col-lg-3 col-md-50 col-md-clear col-sm-50 col-sm-clear single-internal-gutter\"><div class=\"uncol style-light\" ><div class=\"uncoltable\"><div class=\"uncell no-block-padding\" ><div class=\"uncont\" ><div class=\"icon-box icon-box-top  icon-media-image\" ><div class=\"icon-box-icon fa-container\" style=\"width:160px;\"><a role=\"button\" href=\"https:\/\/www.lekorasyon.com\" title=\"\u0938\u091c\u093e\u0935\u091f\" aria-label=\"\u0938\u091c\u093e\u0935\u091f\" target=\"_blank\" class=\"fa fa-stack fa-1x btn-default fa-squared btn-shadow custom-link\"><img decoding=\"async\" class=\"\" src=\"https:\/\/www.mesajgroup.com\/wp-content\/uploads\/2025\/09\/Gemini_Generated_Image_s04u62s04u62s04u.png\" width=\"1024\" height=\"1024\" alt=\"\"  \/><\/a><\/div><div class=\"icon-box-content\"><div class=\"icon-box-heading icon-box-fa-1x-back\"><h3 class=\"h3\"><a role=\"button\" href=\"https:\/\/www.lekorasyon.com\" title=\"\u0938\u091c\u093e\u0935\u091f\" aria-label=\"\u0938\u091c\u093e\u0935\u091f\" target=\"_blank\">\u0938\u091c\u093e\u0935\u091f<\/a><\/h3><\/div>\n<p class=\"text-top-reduced text-small\" style=\"text-align: left;\">\u0939\u092e\u093e\u0930\u0940 \u0905\u0928\u0941\u092d\u0935\u0940 \u0906\u0930\u094d\u0915\u093f\u091f\u0947\u0915\u094d\u091f\u094d\u0938 \u0914\u0930 \u0921\u093f\u091c\u093e\u0907\u0928\u0930\u094d\u0938 \u0915\u0940 \u091f\u0940\u092e \u0915\u0947 \u0938\u093e\u0925, \u0939\u092e \u0906\u092a\u0915\u0947 \u092a\u094d\u0930\u094b\u091c\u0947\u0915\u094d\u091f \u0915\u0947 \u0939\u0930 \u091a\u0930\u0923 \u092e\u0947\u0902 \u0906\u092a\u0915\u0947 \u0938\u093e\u0925 \u0939\u0948\u0902, \u0905\u0935\u0927\u093e\u0930\u0923\u093e\u0924\u094d\u092e\u0915 \u0921\u093f\u091c\u093e\u0907\u0928 \u0938\u0947 \u0932\u0947\u0915\u0930 \u0938\u093e\u092e\u0917\u094d\u0930\u0940 \u091a\u092f\u0928 \u0914\u0930 \u0915\u093e\u0930\u094d\u092f\u093e\u0928\u094d\u0935\u092f\u0928 \u0924\u0915\u0964 \u0939\u092e \u0906\u092a\u0915\u0940 \u092c\u093e\u0924 \u0938\u0941\u0928\u0924\u0947 \u0939\u0948\u0902, \u0906\u092a\u0915\u0940 \u091c\u0940\u0935\u0928\u0936\u0948\u0932\u0940 \u0915\u094b \u0938\u092e\u091d\u0924\u0947 \u0939\u0948\u0902, \u0914\u0930 \u0906\u092a\u0915\u0940 \u092a\u0938\u0902\u0926 \u0915\u0947 \u0905\u0928\u0941\u0938\u093e\u0930 \u0906\u0930\u093e\u092e\u0926\u093e\u092f\u0915 \u0914\u0930 \u0938\u094d\u091f\u093e\u0907\u0932\u093f\u0936 \u0938\u092e\u093e\u0927\u093e\u0928 \u0924\u0948\u092f\u093e\u0930 \u0915\u0930\u0924\u0947 \u0939\u0948\u0902\u0964.<br \/><\/p>\n<p class=\"text-bold\"><a class=\"btn btn-link\" href=\"https:\/\/www.lekorasyon.com\" title=\"\u0938\u091c\u093e\u0935\u091f\" aria-label=\"\u0938\u091c\u093e\u0935\u091f\" target=\"_blank\">\u0915\u0902\u092a\u0928\u0940 \u0926\u0947\u0916\u0947\u0902<\/a><\/p><\/div><\/div><\/div><\/div><\/div><\/div><\/div><div class=\"wpb_column pos-top pos-center align_left column_child col-lg-3 col-md-50 col-md-clear col-sm-50 col-sm-clear single-internal-gutter\"><div class=\"uncol style-light\" ><div class=\"uncoltable\"><div class=\"uncell no-block-padding\" ><div class=\"uncont\" ><div class=\"icon-box icon-box-top  icon-media-image\" ><div class=\"icon-box-icon fa-container\" style=\"width:160px;\"><a role=\"button\" href=\"https:\/\/www.mesajstore.com\/\" title=\"\u0938\u0902\u0926\u0947\u0936 \u092d\u0902\u0921\u093e\u0930\" aria-label=\"\u0938\u0902\u0926\u0947\u0936 \u092d\u0902\u0921\u093e\u0930\" target=\"_blank\" class=\"fa fa-stack fa-1x btn-default fa-squared btn-shadow custom-link\"><img decoding=\"async\" class=\"\" src=\"https:\/\/www.mesajgroup.com\/wp-content\/uploads\/2025\/09\/Gemini_Generated_Image_a8s5ja8s5ja8s5ja.png\" width=\"1024\" height=\"1024\" alt=\"\"  \/><\/a><\/div><div class=\"icon-box-content\"><div class=\"icon-box-heading icon-box-fa-1x-back\"><h3 class=\"h3\"><a role=\"button\" href=\"https:\/\/www.mesajstore.com\/\" title=\"\u0938\u0902\u0926\u0947\u0936 \u092d\u0902\u0921\u093e\u0930\" aria-label=\"\u0938\u0902\u0926\u0947\u0936 \u092d\u0902\u0921\u093e\u0930\" target=\"_blank\">\u0938\u0902\u0926\u0947\u0936 \u092d\u0902\u0921\u093e\u0930<\/a><\/h3><\/div>\n<p class=\"text-top-reduced text-small\" style=\"text-align: left;\">\u0939\u092e\u093e\u0930\u0947 \u0909\u092a\u092f\u094b\u0917\u0915\u0930\u094d\u0924\u093e-\u0905\u0928\u0941\u0915\u0942\u0932 \u092a\u094d\u0932\u0947\u091f\u092b\u093c\u0949\u0930\u094d\u092e, \u0938\u0941\u0930\u0915\u094d\u0937\u093f\u0924 \u092d\u0941\u0917\u0924\u093e\u0928 \u0905\u0935\u0938\u0902\u0930\u091a\u0928\u093e \u0914\u0930 \u0924\u0947\u091c\u093c \u0935\u093f\u0924\u0930\u0923 \u0928\u0947\u091f\u0935\u0930\u094d\u0915 \u0915\u0947 \u0938\u093e\u0925, \u0939\u092e \u0906\u092a\u0915\u0940 \u091c\u093c\u0930\u0942\u0930\u0924\u094b\u0902 \u0915\u094b \u092a\u0942\u0930\u093e \u0915\u0930\u0928\u093e \u0906\u0938\u093e\u0928 \u092c\u0928\u093e\u0924\u0947 \u0939\u0948\u0902\u0964 \u0939\u092e \u0939\u092e\u0947\u0936\u093e \u0917\u094d\u0930\u093e\u0939\u0915 \u0938\u0902\u0924\u0941\u0937\u094d\u091f\u093f \u0915\u094b \u092a\u094d\u0930\u093e\u0925\u092e\u093f\u0915\u0924\u093e \u0926\u0947\u0924\u0947 \u0939\u0948\u0902 \u0914\u0930 \u0905\u092a\u0928\u0940 \u0938\u092d\u0940 \u092a\u094d\u0930\u0915\u094d\u0930\u093f\u092f\u093e\u0913\u0902 \u0915\u094b \u0909\u0938\u0940 \u0915\u0947 \u0905\u0928\u0941\u0938\u093e\u0930 \u0938\u0902\u0930\u091a\u093f\u0924 \u0915\u0930\u0924\u0947 \u0939\u0948\u0902\u0964.<br \/><\/p>\n<p class=\"text-bold\"><a class=\"btn btn-link\" href=\"https:\/\/www.mesajstore.com\/\" title=\"\u0938\u0902\u0926\u0947\u0936 \u092d\u0902\u0921\u093e\u0930\" aria-label=\"\u0938\u0902\u0926\u0947\u0936 \u092d\u0902\u0921\u093e\u0930\" target=\"_blank\">\u0915\u0902\u092a\u0928\u0940 \u0926\u0947\u0916\u0947\u0902<\/a><\/p><\/div><\/div><\/div><\/div><\/div><\/div><\/div><\/div><\/div><\/div><\/div><\/div><\/div><\/div><\/div><script id=\"script-row-unique-0\" data-row=\"script-row-unique-0\" type=\"text\/javascript\" class=\"vc_controls\">UNCODE.initRow(document.getElementById(\"row-unique-0\"));<\/script><\/div><\/div><\/div>\n<\/div>","protected":false},"excerpt":{"rendered":"\u015eirketlerimizProjeden Kariyere, Hayat\u0131n Her Alan\u0131nda Yan\u0131n\u0131zday\u0131z Mesaj Group \u00e7at\u0131s\u0131 alt\u0131nda toplanan \u015firketlerimiz, her biri kendi alan\u0131nda uzmanla\u015farak, birbirini tamamlayan entegre [...]","protected":false},"author":1,"featured_media":0,"parent":0,"menu_order":0,"comment_status":"closed","ping_status":"closed","template":"","meta":{"footnotes":""},"class_list":["post-160186","page","type-page","status-publish","hentry"],"_links":{"self":[{"href":"https:\/\/www.mesajgroup.com\/hi\/wp-json\/wp\/v2\/pages\/160186","targetHints":{"allow":["GET"]}}],"collection":[{"href":"https:\/\/www.mesajgroup.com\/hi\/wp-json\/wp\/v2\/pages"}],"about":[{"href":"https:\/\/www.mesajgroup.com\/hi\/wp-json\/wp\/v2\/types\/page"}],"author":[{"embeddable":true,"href":"https:\/\/www.mesajgroup.com\/hi\/wp-json\/wp\/v2\/users\/1"}],"replies":[{"embeddable":true,"href":"https:\/\/www.mesajgroup.com\/hi\/wp-json\/wp\/v2\/comments?post=160186"}],"version-history":[{"count":2,"href":"https:\/\/www.mesajgroup.com\/hi\/wp-json\/wp\/v2\/pages\/160186\/revisions"}],"predecessor-version":[{"id":160235,"href":"https:\/\/www.mesajgroup.com\/hi\/wp-json\/wp\/v2\/pages\/160186\/revisions\/160235"}],"wp:attachment":[{"href":"https:\/\/www.mesajgroup.com\/hi\/wp-json\/wp\/v2\/media?parent=160186"}],"curies":[{"name":"wp","href":"https:\/\/api.w.org\/{rel}","templated":true}]}}