{"id":160186,"date":"2025-10-08T22:05:42","date_gmt":"2025-10-08T19:05:42","guid":{"rendered":"https:\/\/www.mesajgroup.com\/?page_id=160186"},"modified":"2025-10-17T23:35:17","modified_gmt":"2025-10-17T20:35:17","slug":"sirketler","status":"publish","type":"page","link":"https:\/\/www.mesajgroup.com\/ja\/sirketler\/","title":{"rendered":"\u4f01\u696d"},"content":{"rendered":"<div class=\"wpb-content-wrapper\"><div data-parent=\"true\" class=\"vc_row row-container\" id=\"row-unique-0\"><div class=\"row col-double-gutter exa-top-padding quad-bottom-padding single-h-padding limit-width row-parent\"><div class=\"wpb_row row-inner\"><div class=\"wpb_column pos-top pos-center align_left column_parent col-lg-12 half-internal-gutter\"><div class=\"uncol style-light\"  ><div class=\"uncoltable\"><div class=\"uncell no-block-padding\" ><div class=\"uncont\" ><div class=\"vc_custom_heading_wrap\"><div class=\"heading-text el-text\" ><h6 class=\"fontsize-160000 fontspace-135905 text-accent-color text-uppercase\" ><span>\u4f01\u696d\u60c5\u5831<\/span><\/h6><\/div><div class=\"clear\"><\/div><\/div><div class=\"vc_row row-internal row-container\"><div class=\"row row-child\"><div class=\"wpb_row row-inner\"><div class=\"wpb_column pos-top pos-center align_left column_child col-lg-4 half-internal-gutter\"><div class=\"uncol style-light\" ><div class=\"uncoltable\"><div class=\"uncell no-block-padding\" ><div class=\"uncont\" ><div class=\"vc_custom_heading_wrap\"><div class=\"heading-text el-text\" ><h3 class=\"h1\" ><span>\u30d7\u30ed\u30b8\u30a7\u30af\u30c8\u304b\u3089\u30ad\u30e3\u30ea\u30a2\u307e\u3067\u3001\u79c1\u305f\u3061\u306f\u4eba\u751f\u306e\u3042\u3089\u3086\u308b\u5206\u91ce\u3067\u3042\u306a\u305f\u3068\u5171\u306b\u3042\u308a\u307e\u3059\u3002<\/span><\/h3><\/div><div class=\"clear\"><\/div><\/div><div class=\"empty-space empty-single desktop-hidden\" ><span class=\"empty-space-inner\"><\/span><\/div>\n<\/div><\/div><\/div><\/div><\/div><div class=\"wpb_column pos-top pos-center align_left column_child col-lg-2 tablet-hidden mobile-hidden single-internal-gutter\"><div class=\"uncol style-light\" ><div class=\"uncoltable\"><div class=\"uncell no-block-padding\" ><div class=\"uncont\" ><\/div><\/div><\/div><\/div><\/div><div class=\"wpb_column pos-top pos-center align_left column_child col-lg-6 single-internal-gutter\"><div class=\"uncol style-light\" ><div class=\"uncoltable\"><div class=\"uncell no-block-padding\" ><div class=\"uncont\" ><div class=\"uncode_text_column\" ><p>\u30e1\u30b5\u30fc\u30b8\u30e5\u30fb\u30b0\u30eb\u30fc\u30d7\u306e\u5c4b\u6839\u306e\u4e0b\u306b\u96c6\u307e\u3063\u305f\u79c1\u305f\u3061\u306e\u4f1a\u793e\u306f\u3001\u305d\u308c\u305e\u308c\u304c\u305d\u308c\u305e\u308c\u306e\u5206\u91ce\u306b\u7279\u5316\u3057\u3066\u304a\u308a\u3001\u304a\u4e92\u3044\u3092\u88dc\u5b8c\u3057\u5408\u3046\u7d71\u5408\u3055\u308c\u305f\u30b5\u30fc\u30d3\u30b9\u30fb\u30b3\u30f3\u30bb\u30d7\u30c8\u3092\u63d0\u4f9b\u3057\u3066\u3044\u307e\u3059\u3002\u5efa\u7269\u306e\u57fa\u790e\u304b\u3089\u8cc7\u6750\u306e\u4f9b\u7d66\u307e\u3067\u3001\u30a4\u30f3\u30c6\u30ea\u30a2\u306e\u7f8e\u7684\u8ee2\u63db\u304b\u3089\u30d7\u30ed\u30d5\u30a7\u30c3\u30b7\u30e7\u30ca\u30eb\u306a\u624d\u80fd\u3068\u9069\u5207\u306a\u30ad\u30e3\u30ea\u30a2\u306e\u6a5f\u4f1a\u3068\u306e\u51fa\u4f1a\u3044\u306b\u81f3\u308b\u307e\u3067\u3001\u751f\u6d3b\u306e\u3042\u3089\u3086\u308b\u5206\u91ce\u306b\u304a\u3044\u3066\u3001\u30ab\u30b9\u30bf\u30de\u30a4\u30ba\u3055\u308c\u305f\u9769\u65b0\u7684\u3067\u4fe1\u983c\u6027\u306e\u9ad8\u3044\u30bd\u30ea\u30e5\u30fc\u30b7\u30e7\u30f3\u3092\u63d0\u4f9b\u3057\u307e\u3059\u3002\u79c1\u305f\u3061\u306e\u76ee\u6a19\u306f\u3001\u30d7\u30ed\u30b8\u30a7\u30af\u30c8\u304b\u3089\u30ad\u30e3\u30ea\u30a2\u306b\u81f3\u308b\u307e\u3067\u3001\u3053\u306e\u7dcf\u5408\u7684\u306a\u30a2\u30d7\u30ed\u30fc\u30c1\u306b\u3088\u3063\u3066\u3001\u304a\u5ba2\u69d8\u306e\u4eba\u751f\u3068\u76ee\u6a19\u306b\u4ed8\u52a0\u4fa1\u5024\u3092\u4e0e\u3048\u308b\u3053\u3068\u3067\u3059\u3002.<\/p>\n<\/div><\/div><\/div><\/div><\/div><\/div><\/div><\/div><\/div><div class=\"empty-space empty-single\" ><span class=\"empty-space-inner\"><\/span><\/div>\n<div class=\"vc_row row-internal row-container\"><div class=\"row row-child\"><div class=\"wpb_row row-inner\"><div class=\"wpb_column pos-top pos-center align_left column_child col-lg-3 col-md-50 col-sm-50 single-internal-gutter\"><div class=\"uncol style-light\" ><div class=\"uncoltable\"><div class=\"uncell no-block-padding\" ><div class=\"uncont\" ><div class=\"icon-box icon-box-top  icon-media-image\" ><div class=\"icon-box-icon fa-container\" style=\"width:160px;\"><a role=\"button\" href=\"https:\/\/www.mesajcareer.com\" title=\"\u30e1\u30c3\u30bb\u30fc\u30b8 \u30ad\u30e3\u30ea\u30a2\" aria-label=\"\u30e1\u30c3\u30bb\u30fc\u30b8 \u30ad\u30e3\u30ea\u30a2\" target=\"_blank\" class=\"fa fa-stack fa-1x btn-default fa-squared btn-shadow custom-link\"><img decoding=\"async\" class=\"\" src=\"https:\/\/www.mesajgroup.com\/wp-content\/uploads\/2025\/09\/Gemini_Generated_Image_3fmilo3fmilo3fmi.png\" width=\"1024\" height=\"1024\" alt=\"\"  \/><\/a><\/div><div class=\"icon-box-content\"><div class=\"icon-box-heading icon-box-fa-1x-back\"><h3 class=\"h3\"><a role=\"button\" href=\"https:\/\/www.mesajcareer.com\" title=\"\u30e1\u30c3\u30bb\u30fc\u30b8 \u30ad\u30e3\u30ea\u30a2\" aria-label=\"\u30e1\u30c3\u30bb\u30fc\u30b8 \u30ad\u30e3\u30ea\u30a2\" target=\"_blank\">\u30e1\u30c3\u30bb\u30fc\u30b8 \u30ad\u30e3\u30ea\u30a2<\/a><\/h3><\/div>\n<p class=\"text-top-reduced text-small\" style=\"text-align: left;\">\u79c1\u305f\u3061\u306e\u76ee\u6a19\u306f\u3001\u7c21\u5358\u306a\u6c42\u4eba\u5fdc\u52df\u304b\u3089\u8907\u96d1\u306a\u4eba\u6750\u7ba1\u7406\u6226\u7565\u307e\u3067\u3001\u3042\u3089\u3086\u308b\u30cb\u30fc\u30ba\u306b\u5bfe\u5fdc\u3059\u308b\u7d71\u5408\u7684\u306a\u4ed5\u7d44\u307f\u3092\u63d0\u4f9b\u3059\u308b\u3053\u3068\u3067\u3059\u3002\u30d7\u30ed\u30bb\u30b9\u5168\u4f53\u3092\u7c21\u7d20\u5316\u3059\u308b\u3053\u3068\u3067\u3001\u6700\u3082\u52b9\u7387\u7684\u306a\u65b9\u6cd5\u3067\u6f5c\u5728\u80fd\u529b\u3092\u6d3b\u7528\u3057\u3001\u81ea\u4fe1\u3092\u6301\u3063\u3066\u76ee\u6a19\u3092\u9054\u6210\u3067\u304d\u308b\u3088\u3046\u306b\u3057\u307e\u3059\u3002.<br \/><\/p>\n<p class=\"text-bold\"><a class=\"btn btn-link\" href=\"https:\/\/www.mesajcareer.com\" title=\"\u30e1\u30c3\u30bb\u30fc\u30b8 \u30ad\u30e3\u30ea\u30a2\" aria-label=\"\u30e1\u30c3\u30bb\u30fc\u30b8 \u30ad\u30e3\u30ea\u30a2\" target=\"_blank\">\u4f1a\u793e\u3092\u898b\u308b<\/a><\/p><\/div><\/div><\/div><\/div><\/div><\/div><\/div><div class=\"wpb_column pos-top pos-center align_left column_child col-lg-3 col-md-50 col-sm-50 single-internal-gutter\"><div class=\"uncol style-light\" ><div class=\"uncoltable\"><div class=\"uncell no-block-padding\" ><div class=\"uncont\" ><div class=\"icon-box icon-box-top  icon-media-image\" ><div class=\"icon-box-icon fa-container\" style=\"width:160px;\"><a role=\"button\" href=\"https:\/\/www.mesajinsaat.com\" title=\"\u30dd\u30b9\u30c8\u30b3\u30f3\u30b9\u30c8\u30e9\u30af\u30b7\u30e7\u30f3\" aria-label=\"\u30dd\u30b9\u30c8\u30b3\u30f3\u30b9\u30c8\u30e9\u30af\u30b7\u30e7\u30f3\" target=\"_blank\" class=\"fa fa-stack fa-1x btn-default fa-squared btn-shadow custom-link\"><img decoding=\"async\" class=\"\" src=\"https:\/\/www.mesajgroup.com\/wp-content\/uploads\/2025\/09\/Gemini_Generated_Image_sltunqsltunqsltu.png\" width=\"1024\" height=\"1024\" alt=\"\"  \/><\/a><\/div><div class=\"icon-box-content\"><div class=\"icon-box-heading icon-box-fa-1x-back\"><h3 class=\"h3\"><a role=\"button\" href=\"https:\/\/www.mesajinsaat.com\" title=\"\u30dd\u30b9\u30c8\u30b3\u30f3\u30b9\u30c8\u30e9\u30af\u30b7\u30e7\u30f3\" aria-label=\"\u30dd\u30b9\u30c8\u30b3\u30f3\u30b9\u30c8\u30e9\u30af\u30b7\u30e7\u30f3\" target=\"_blank\">\u30dd\u30b9\u30c8\u30b3\u30f3\u30b9\u30c8\u30e9\u30af\u30b7\u30e7\u30f3<\/a><\/h3><\/div>\n<p class=\"text-top-reduced text-small\" style=\"text-align: left;\">\u79c1\u305f\u3061\u306b\u3068\u3063\u3066\u3001\u5404\u30d7\u30ed\u30b8\u30a7\u30af\u30c8\u306f\u5358\u306b\u69cb\u9020\u3092\u69cb\u7bc9\u3059\u308b\u3060\u3051\u3067\u306a\u304f\u3001\u63fa\u308b\u304e\u306a\u3044\u4fe1\u983c\u3092\u7bc9\u304f\u3053\u3068\u3067\u3082\u3042\u308a\u307e\u3059\u3002\u79c1\u305f\u3061\u306e\u4f1a\u793e\u306e\u6839\u5e79\u3092\u306a\u3059\u3053\u306e\u539f\u5247\u306b\u57fa\u3065\u304d\u3001\u79c1\u305f\u3061\u306f\u6700\u521d\u304b\u3089\u7d0d\u54c1\u307e\u3067\u306e\u3059\u3079\u3066\u306e\u30d7\u30ed\u30bb\u30b9\u3092\u7d30\u5fc3\u306e\u6ce8\u610f\u3092\u6255\u3063\u3066\u7ba1\u7406\u3057\u3001\u5e38\u306b\u7d04\u675f\u3092\u5b88\u308a\u307e\u3059\u3002.<br \/><\/p>\n<p class=\"text-bold\"><a class=\"btn btn-link\" href=\"https:\/\/www.mesajinsaat.com\" title=\"\u30dd\u30b9\u30c8\u30b3\u30f3\u30b9\u30c8\u30e9\u30af\u30b7\u30e7\u30f3\" aria-label=\"\u30dd\u30b9\u30c8\u30b3\u30f3\u30b9\u30c8\u30e9\u30af\u30b7\u30e7\u30f3\" target=\"_blank\">\u4f1a\u793e\u3092\u898b\u308b<\/a><\/p><\/div><\/div><\/div><\/div><\/div><\/div><\/div><div class=\"wpb_column pos-top pos-center align_left column_child col-lg-3 col-md-50 col-md-clear col-sm-50 col-sm-clear single-internal-gutter\"><div class=\"uncol style-light\" ><div class=\"uncoltable\"><div class=\"uncell no-block-padding\" ><div class=\"uncont\" ><div class=\"icon-box icon-box-top  icon-media-image\" ><div class=\"icon-box-icon fa-container\" style=\"width:160px;\"><a role=\"button\" href=\"https:\/\/www.lekorasyon.com\" title=\"\u30c7\u30b3\u30ec\u30fc\u30b7\u30e7\u30f3\" aria-label=\"\u30c7\u30b3\u30ec\u30fc\u30b7\u30e7\u30f3\" target=\"_blank\" class=\"fa fa-stack fa-1x btn-default fa-squared btn-shadow custom-link\"><img decoding=\"async\" class=\"\" src=\"https:\/\/www.mesajgroup.com\/wp-content\/uploads\/2025\/09\/Gemini_Generated_Image_s04u62s04u62s04u.png\" width=\"1024\" height=\"1024\" alt=\"\"  \/><\/a><\/div><div class=\"icon-box-content\"><div class=\"icon-box-heading icon-box-fa-1x-back\"><h3 class=\"h3\"><a role=\"button\" href=\"https:\/\/www.lekorasyon.com\" title=\"\u30c7\u30b3\u30ec\u30fc\u30b7\u30e7\u30f3\" aria-label=\"\u30c7\u30b3\u30ec\u30fc\u30b7\u30e7\u30f3\" target=\"_blank\">\u30c7\u30b3\u30ec\u30fc\u30b7\u30e7\u30f3<\/a><\/h3><\/div>\n<p class=\"text-top-reduced text-small\" style=\"text-align: left;\">\u7d4c\u9a13\u8c4a\u304b\u306a\u5efa\u7bc9\u5bb6\u3068\u30c7\u30b6\u30a4\u30ca\u30fc\u304b\u3089\u306a\u308b\u5c02\u9580\u5bb6\u30c1\u30fc\u30e0\u304c\u3001\u30b3\u30f3\u30bb\u30d7\u30c8\u30fb\u30c7\u30b6\u30a4\u30f3\u304b\u3089\u7d20\u6750\u9078\u3073\u3001\u65bd\u5de5\u306b\u81f3\u308b\u307e\u3067\u3001\u30d7\u30ed\u30b8\u30a7\u30af\u30c8\u306e\u3042\u3089\u3086\u308b\u6bb5\u968e\u3067\u304a\u5ba2\u3055\u307e\u306b\u5bc4\u308a\u6dfb\u3044\u307e\u3059\u3002\u304a\u5ba2\u69d8\u306e\u58f0\u306b\u8033\u3092\u50be\u3051\u3001\u30e9\u30a4\u30d5\u30b9\u30bf\u30a4\u30eb\u3092\u7406\u89e3\u3057\u3001\u304a\u597d\u307f\u306b\u5408\u3063\u305f\u5feb\u9069\u3067\u30b9\u30bf\u30a4\u30ea\u30c3\u30b7\u30e5\u306a\u30bd\u30ea\u30e5\u30fc\u30b7\u30e7\u30f3\u3092\u3054\u63d0\u6848\u3057\u307e\u3059\u3002.<br \/><\/p>\n<p class=\"text-bold\"><a class=\"btn btn-link\" href=\"https:\/\/www.lekorasyon.com\" title=\"\u30c7\u30b3\u30ec\u30fc\u30b7\u30e7\u30f3\" aria-label=\"\u30c7\u30b3\u30ec\u30fc\u30b7\u30e7\u30f3\" target=\"_blank\">\u4f1a\u793e\u3092\u898b\u308b<\/a><\/p><\/div><\/div><\/div><\/div><\/div><\/div><\/div><div class=\"wpb_column pos-top pos-center align_left column_child col-lg-3 col-md-50 col-md-clear col-sm-50 col-sm-clear single-internal-gutter\"><div class=\"uncol style-light\" ><div class=\"uncoltable\"><div class=\"uncell no-block-padding\" ><div class=\"uncont\" ><div class=\"icon-box icon-box-top  icon-media-image\" ><div class=\"icon-box-icon fa-container\" style=\"width:160px;\"><a role=\"button\" href=\"https:\/\/www.mesajstore.com\/\" title=\"\u30e1\u30c3\u30bb\u30fc\u30b8\u30b9\u30c8\u30a2\" aria-label=\"\u30e1\u30c3\u30bb\u30fc\u30b8\u30b9\u30c8\u30a2\" target=\"_blank\" class=\"fa fa-stack fa-1x btn-default fa-squared btn-shadow custom-link\"><img decoding=\"async\" class=\"\" src=\"https:\/\/www.mesajgroup.com\/wp-content\/uploads\/2025\/09\/Gemini_Generated_Image_a8s5ja8s5ja8s5ja.png\" width=\"1024\" height=\"1024\" alt=\"\"  \/><\/a><\/div><div class=\"icon-box-content\"><div class=\"icon-box-heading icon-box-fa-1x-back\"><h3 class=\"h3\"><a role=\"button\" href=\"https:\/\/www.mesajstore.com\/\" title=\"\u30e1\u30c3\u30bb\u30fc\u30b8\u30b9\u30c8\u30a2\" aria-label=\"\u30e1\u30c3\u30bb\u30fc\u30b8\u30b9\u30c8\u30a2\" target=\"_blank\">\u30e1\u30c3\u30bb\u30fc\u30b8\u30b9\u30c8\u30a2<\/a><\/h3><\/div>\n<p class=\"text-top-reduced text-small\" style=\"text-align: left;\">\u79c1\u305f\u3061\u306f\u3001\u30e6\u30fc\u30b6\u30fc\u30d5\u30ec\u30f3\u30c9\u30ea\u30fc\u306a\u30d7\u30e9\u30c3\u30c8\u30d5\u30a9\u30fc\u30e0\u3001\u5b89\u5168\u306a\u6c7a\u6e08\u30a4\u30f3\u30d5\u30e9\u3001\u8fc5\u901f\u306a\u914d\u9001\u30cd\u30c3\u30c8\u30ef\u30fc\u30af\u306b\u3088\u308a\u3001\u304a\u5ba2\u69d8\u306e\u30cb\u30fc\u30ba\u306b\u7c21\u5358\u306b\u5230\u9054\u3067\u304d\u308b\u3053\u3068\u3092\u4fdd\u8a3c\u3057\u307e\u3059\u3002\u79c1\u305f\u3061\u306f\u5e38\u306b\u304a\u5ba2\u69d8\u306e\u6e80\u8db3\u3092\u7b2c\u4e00\u306b\u8003\u3048\u3001\u305d\u308c\u306b\u57fa\u3065\u3044\u3066\u3059\u3079\u3066\u306e\u30d7\u30ed\u30bb\u30b9\u3092\u5f62\u6210\u3057\u3066\u3044\u307e\u3059\u3002.<br \/><\/p>\n<p class=\"text-bold\"><a class=\"btn btn-link\" href=\"https:\/\/www.mesajstore.com\/\" title=\"\u30e1\u30c3\u30bb\u30fc\u30b8\u30b9\u30c8\u30a2\" aria-label=\"\u30e1\u30c3\u30bb\u30fc\u30b8\u30b9\u30c8\u30a2\" target=\"_blank\">\u4f1a\u793e\u3092\u898b\u308b<\/a><\/p><\/div><\/div><\/div><\/div><\/div><\/div><\/div><\/div><\/div><\/div><\/div><\/div><\/div><\/div><\/div><script id=\"script-row-unique-0\" data-row=\"script-row-unique-0\" type=\"text\/javascript\" class=\"vc_controls\">UNCODE.initRow(document.getElementById(\"row-unique-0\"));<\/script><\/div><\/div><\/div>\n<\/div>","protected":false},"excerpt":{"rendered":"\u015eirketlerimizProjeden Kariyere, Hayat\u0131n Her Alan\u0131nda Yan\u0131n\u0131zday\u0131z Mesaj Group \u00e7at\u0131s\u0131 alt\u0131nda toplanan \u015firketlerimiz, her biri kendi alan\u0131nda uzmanla\u015farak, birbirini tamamlayan entegre [...]","protected":false},"author":1,"featured_media":0,"parent":0,"menu_order":0,"comment_status":"closed","ping_status":"closed","template":"","meta":{"footnotes":""},"class_list":["post-160186","page","type-page","status-publish","hentry"],"_links":{"self":[{"href":"https:\/\/www.mesajgroup.com\/ja\/wp-json\/wp\/v2\/pages\/160186","targetHints":{"allow":["GET"]}}],"collection":[{"href":"https:\/\/www.mesajgroup.com\/ja\/wp-json\/wp\/v2\/pages"}],"about":[{"href":"https:\/\/www.mesajgroup.com\/ja\/wp-json\/wp\/v2\/types\/page"}],"author":[{"embeddable":true,"href":"https:\/\/www.mesajgroup.com\/ja\/wp-json\/wp\/v2\/users\/1"}],"replies":[{"embeddable":true,"href":"https:\/\/www.mesajgroup.com\/ja\/wp-json\/wp\/v2\/comments?post=160186"}],"version-history":[{"count":2,"href":"https:\/\/www.mesajgroup.com\/ja\/wp-json\/wp\/v2\/pages\/160186\/revisions"}],"predecessor-version":[{"id":160235,"href":"https:\/\/www.mesajgroup.com\/ja\/wp-json\/wp\/v2\/pages\/160186\/revisions\/160235"}],"wp:attachment":[{"href":"https:\/\/www.mesajgroup.com\/ja\/wp-json\/wp\/v2\/media?parent=160186"}],"curies":[{"name":"wp","href":"https:\/\/api.w.org\/{rel}","templated":true}]}}