{"id":160186,"date":"2025-10-08T22:05:42","date_gmt":"2025-10-08T19:05:42","guid":{"rendered":"https:\/\/www.mesajgroup.com\/?page_id=160186"},"modified":"2025-10-17T23:35:17","modified_gmt":"2025-10-17T20:35:17","slug":"sirketler","status":"publish","type":"page","link":"https:\/\/www.mesajgroup.com\/sv\/sirketler\/","title":{"rendered":"F\u00f6retag"},"content":{"rendered":"<div class=\"wpb-content-wrapper\"><div data-parent=\"true\" class=\"vc_row row-container\" id=\"row-unique-0\"><div class=\"row col-double-gutter exa-top-padding quad-bottom-padding single-h-padding limit-width row-parent\"><div class=\"wpb_row row-inner\"><div class=\"wpb_column pos-top pos-center align_left column_parent col-lg-12 half-internal-gutter\"><div class=\"uncol style-light\"  ><div class=\"uncoltable\"><div class=\"uncell no-block-padding\" ><div class=\"uncont\" ><div class=\"vc_custom_heading_wrap\"><div class=\"heading-text el-text\" ><h6 class=\"fontsize-160000 fontspace-135905 text-accent-color text-uppercase\" ><span>V\u00e5ra f\u00f6retag<\/span><\/h6><\/div><div class=\"clear\"><\/div><\/div><div class=\"vc_row row-internal row-container\"><div class=\"row row-child\"><div class=\"wpb_row row-inner\"><div class=\"wpb_column pos-top pos-center align_left column_child col-lg-4 half-internal-gutter\"><div class=\"uncol style-light\" ><div class=\"uncoltable\"><div class=\"uncell no-block-padding\" ><div class=\"uncont\" ><div class=\"vc_custom_heading_wrap\"><div class=\"heading-text el-text\" ><h3 class=\"h1\" ><span>Fr\u00e5n projekt till karri\u00e4r - vi \u00e4r med dig i livets alla skeden<\/span><\/h3><\/div><div class=\"clear\"><\/div><\/div><div class=\"empty-space empty-single desktop-hidden\" ><span class=\"empty-space-inner\"><\/span><\/div>\n<\/div><\/div><\/div><\/div><\/div><div class=\"wpb_column pos-top pos-center align_left column_child col-lg-2 tablet-hidden mobile-hidden single-internal-gutter\"><div class=\"uncol style-light\" ><div class=\"uncoltable\"><div class=\"uncell no-block-padding\" ><div class=\"uncont\" ><\/div><\/div><\/div><\/div><\/div><div class=\"wpb_column pos-top pos-center align_left column_child col-lg-6 single-internal-gutter\"><div class=\"uncol style-light\" ><div class=\"uncoltable\"><div class=\"uncell no-block-padding\" ><div class=\"uncont\" ><div class=\"uncode_text_column\" ><p>V\u00e5ra f\u00f6retag som samlas under Mesaj Groups tak, vart och ett specialiserat inom sitt eget omr\u00e5de, erbjuder ett integrerat servicekoncept som kompletterar varandra. Vi tar fram skr\u00e4ddarsydda, innovativa och tillf\u00f6rlitliga l\u00f6sningar f\u00f6r dig inom livets alla omr\u00e5den, fr\u00e5n grundl\u00e4ggning av byggnader till materialf\u00f6rs\u00f6rjning, fr\u00e5n estetisk omvandling av interi\u00f6rer till m\u00f6tet mellan professionella talanger och r\u00e4tt karri\u00e4rm\u00f6jligheter. V\u00e5rt m\u00e5l \u00e4r att ge merv\u00e4rde till ditt liv och dina m\u00e5l med detta holistiska syns\u00e4tt fr\u00e5n projekt till karri\u00e4r.<\/p>\n<\/div><\/div><\/div><\/div><\/div><\/div><\/div><\/div><\/div><div class=\"empty-space empty-single\" ><span class=\"empty-space-inner\"><\/span><\/div>\n<div class=\"vc_row row-internal row-container\"><div class=\"row row-child\"><div class=\"wpb_row row-inner\"><div class=\"wpb_column pos-top pos-center align_left column_child col-lg-3 col-md-50 col-sm-50 single-internal-gutter\"><div class=\"uncol style-light\" ><div class=\"uncoltable\"><div class=\"uncell no-block-padding\" ><div class=\"uncont\" ><div class=\"icon-box icon-box-top  icon-media-image\" ><div class=\"icon-box-icon fa-container\" style=\"width:160px;\"><a role=\"button\" href=\"https:\/\/www.mesajcareer.com\" title=\"Meddelande Karri\u00e4r\" aria-label=\"Meddelande Karri\u00e4r\" target=\"_blank\" class=\"fa fa-stack fa-1x btn-default fa-squared btn-shadow custom-link\"><img decoding=\"async\" class=\"\" src=\"https:\/\/www.mesajgroup.com\/wp-content\/uploads\/2025\/09\/Gemini_Generated_Image_3fmilo3fmilo3fmi.png\" width=\"1024\" height=\"1024\" alt=\"\"  \/><\/a><\/div><div class=\"icon-box-content\"><div class=\"icon-box-heading icon-box-fa-1x-back\"><h3 class=\"h3\"><a role=\"button\" href=\"https:\/\/www.mesajcareer.com\" title=\"Meddelande Karri\u00e4r\" aria-label=\"Meddelande Karri\u00e4r\" target=\"_blank\">Meddelande Karri\u00e4r<\/a><\/h3><\/div>\n<p class=\"text-top-reduced text-small\" style=\"text-align: left;\">V\u00e5rt m\u00e5l \u00e4r att erbjuda en integrerad struktur som tillgodoser alla behov, fr\u00e5n en enkel jobbans\u00f6kan till komplexa talent management-strategier. Genom att f\u00f6renkla hela processen f\u00f6r dig g\u00f6r vi det m\u00f6jligt f\u00f6r dig att utnyttja din potential p\u00e5 det mest effektiva s\u00e4ttet och uppn\u00e5 dina m\u00e5l med tillf\u00f6rsikt.<br \/><\/p>\n<p class=\"text-bold\"><a class=\"btn btn-link\" href=\"https:\/\/www.mesajcareer.com\" title=\"Meddelande Karri\u00e4r\" aria-label=\"Meddelande Karri\u00e4r\" target=\"_blank\">Visa f\u00f6retag<\/a><\/p><\/div><\/div><\/div><\/div><\/div><\/div><\/div><div class=\"wpb_column pos-top pos-center align_left column_child col-lg-3 col-md-50 col-sm-50 single-internal-gutter\"><div class=\"uncol style-light\" ><div class=\"uncoltable\"><div class=\"uncell no-block-padding\" ><div class=\"uncont\" ><div class=\"icon-box icon-box-top  icon-media-image\" ><div class=\"icon-box-icon fa-container\" style=\"width:160px;\"><a role=\"button\" href=\"https:\/\/www.mesajinsaat.com\" title=\"Postkonstruktion\" aria-label=\"Postkonstruktion\" target=\"_blank\" class=\"fa fa-stack fa-1x btn-default fa-squared btn-shadow custom-link\"><img decoding=\"async\" class=\"\" src=\"https:\/\/www.mesajgroup.com\/wp-content\/uploads\/2025\/09\/Gemini_Generated_Image_sltunqsltunqsltu.png\" width=\"1024\" height=\"1024\" alt=\"\"  \/><\/a><\/div><div class=\"icon-box-content\"><div class=\"icon-box-heading icon-box-fa-1x-back\"><h3 class=\"h3\"><a role=\"button\" href=\"https:\/\/www.mesajinsaat.com\" title=\"Postkonstruktion\" aria-label=\"Postkonstruktion\" target=\"_blank\">Postkonstruktion<\/a><\/h3><\/div>\n<p class=\"text-top-reduced text-small\" style=\"text-align: left;\">F\u00f6r oss handlar varje projekt inte bara om att bygga en struktur, utan ocks\u00e5 om att bygga ett orubbligt f\u00f6rtroende. I linje med denna princip, som utg\u00f6r grunden f\u00f6r v\u00e5ra f\u00f6retag, hanterar vi noggrant alla processer fr\u00e5n b\u00f6rjan till leverans och st\u00e5r alltid bakom v\u00e5ra l\u00f6ften.<br \/><\/p>\n<p class=\"text-bold\"><a class=\"btn btn-link\" href=\"https:\/\/www.mesajinsaat.com\" title=\"Postkonstruktion\" aria-label=\"Postkonstruktion\" target=\"_blank\">Visa f\u00f6retag<\/a><\/p><\/div><\/div><\/div><\/div><\/div><\/div><\/div><div class=\"wpb_column pos-top pos-center align_left column_child col-lg-3 col-md-50 col-md-clear col-sm-50 col-sm-clear single-internal-gutter\"><div class=\"uncol style-light\" ><div class=\"uncoltable\"><div class=\"uncell no-block-padding\" ><div class=\"uncont\" ><div class=\"icon-box icon-box-top  icon-media-image\" ><div class=\"icon-box-icon fa-container\" style=\"width:160px;\"><a role=\"button\" href=\"https:\/\/www.lekorasyon.com\" title=\"Dekoration\" aria-label=\"Dekoration\" target=\"_blank\" class=\"fa fa-stack fa-1x btn-default fa-squared btn-shadow custom-link\"><img decoding=\"async\" class=\"\" src=\"https:\/\/www.mesajgroup.com\/wp-content\/uploads\/2025\/09\/Gemini_Generated_Image_s04u62s04u62s04u.png\" width=\"1024\" height=\"1024\" alt=\"\"  \/><\/a><\/div><div class=\"icon-box-content\"><div class=\"icon-box-heading icon-box-fa-1x-back\"><h3 class=\"h3\"><a role=\"button\" href=\"https:\/\/www.lekorasyon.com\" title=\"Dekoration\" aria-label=\"Dekoration\" target=\"_blank\">Dekoration<\/a><\/h3><\/div>\n<p class=\"text-top-reduced text-small\" style=\"text-align: left;\">Med v\u00e5rt expertteam av erfarna arkitekter och designers \u00e4r vi med dig i varje skede av ditt projekt, fr\u00e5n konceptdesign till materialval och genomf\u00f6rande. Vi lyssnar p\u00e5 dig, f\u00f6rst\u00e5r din livsstil och tar fram bekv\u00e4ma och eleganta l\u00f6sningar som passar din smak.<br \/><\/p>\n<p class=\"text-bold\"><a class=\"btn btn-link\" href=\"https:\/\/www.lekorasyon.com\" title=\"Dekoration\" aria-label=\"Dekoration\" target=\"_blank\">Visa f\u00f6retag<\/a><\/p><\/div><\/div><\/div><\/div><\/div><\/div><\/div><div class=\"wpb_column pos-top pos-center align_left column_child col-lg-3 col-md-50 col-md-clear col-sm-50 col-sm-clear single-internal-gutter\"><div class=\"uncol style-light\" ><div class=\"uncoltable\"><div class=\"uncell no-block-padding\" ><div class=\"uncont\" ><div class=\"icon-box icon-box-top  icon-media-image\" ><div class=\"icon-box-icon fa-container\" style=\"width:160px;\"><a role=\"button\" href=\"https:\/\/www.mesajstore.com\/\" title=\"Butik f\u00f6r meddelanden\" aria-label=\"Butik f\u00f6r meddelanden\" target=\"_blank\" class=\"fa fa-stack fa-1x btn-default fa-squared btn-shadow custom-link\"><img decoding=\"async\" class=\"\" src=\"https:\/\/www.mesajgroup.com\/wp-content\/uploads\/2025\/09\/Gemini_Generated_Image_a8s5ja8s5ja8s5ja.png\" width=\"1024\" height=\"1024\" alt=\"\"  \/><\/a><\/div><div class=\"icon-box-content\"><div class=\"icon-box-heading icon-box-fa-1x-back\"><h3 class=\"h3\"><a role=\"button\" href=\"https:\/\/www.mesajstore.com\/\" title=\"Butik f\u00f6r meddelanden\" aria-label=\"Butik f\u00f6r meddelanden\" target=\"_blank\">Butik f\u00f6r meddelanden<\/a><\/h3><\/div>\n<p class=\"text-top-reduced text-small\" style=\"text-align: left;\">Vi ser till att du enkelt kan n\u00e5 dina behov med v\u00e5r anv\u00e4ndarv\u00e4nliga plattform, s\u00e4kra betalningsinfrastruktur och snabba leveransn\u00e4tverk. Vi ser alltid kundn\u00f6jdhet som v\u00e5r prioritet och vi utformar alla v\u00e5ra processer i enlighet med detta.<br \/><\/p>\n<p class=\"text-bold\"><a class=\"btn btn-link\" href=\"https:\/\/www.mesajstore.com\/\" title=\"Butik f\u00f6r meddelanden\" aria-label=\"Butik f\u00f6r meddelanden\" target=\"_blank\">Visa f\u00f6retag<\/a><\/p><\/div><\/div><\/div><\/div><\/div><\/div><\/div><\/div><\/div><\/div><\/div><\/div><\/div><\/div><\/div><script id=\"script-row-unique-0\" data-row=\"script-row-unique-0\" type=\"text\/javascript\" class=\"vc_controls\">UNCODE.initRow(document.getElementById(\"row-unique-0\"));<\/script><\/div><\/div><\/div>\n<\/div>","protected":false},"excerpt":{"rendered":"\u015eirketlerimizProjeden Kariyere, Hayat\u0131n Her Alan\u0131nda Yan\u0131n\u0131zday\u0131z Mesaj Group \u00e7at\u0131s\u0131 alt\u0131nda toplanan \u015firketlerimiz, her biri kendi alan\u0131nda uzmanla\u015farak, birbirini tamamlayan entegre [...]","protected":false},"author":1,"featured_media":0,"parent":0,"menu_order":0,"comment_status":"closed","ping_status":"closed","template":"","meta":{"footnotes":""},"class_list":["post-160186","page","type-page","status-publish","hentry"],"_links":{"self":[{"href":"https:\/\/www.mesajgroup.com\/sv\/wp-json\/wp\/v2\/pages\/160186","targetHints":{"allow":["GET"]}}],"collection":[{"href":"https:\/\/www.mesajgroup.com\/sv\/wp-json\/wp\/v2\/pages"}],"about":[{"href":"https:\/\/www.mesajgroup.com\/sv\/wp-json\/wp\/v2\/types\/page"}],"author":[{"embeddable":true,"href":"https:\/\/www.mesajgroup.com\/sv\/wp-json\/wp\/v2\/users\/1"}],"replies":[{"embeddable":true,"href":"https:\/\/www.mesajgroup.com\/sv\/wp-json\/wp\/v2\/comments?post=160186"}],"version-history":[{"count":2,"href":"https:\/\/www.mesajgroup.com\/sv\/wp-json\/wp\/v2\/pages\/160186\/revisions"}],"predecessor-version":[{"id":160235,"href":"https:\/\/www.mesajgroup.com\/sv\/wp-json\/wp\/v2\/pages\/160186\/revisions\/160235"}],"wp:attachment":[{"href":"https:\/\/www.mesajgroup.com\/sv\/wp-json\/wp\/v2\/media?parent=160186"}],"curies":[{"name":"wp","href":"https:\/\/api.w.org\/{rel}","templated":true}]}}