{"id":147399,"date":"2024-11-04T15:44:24","date_gmt":"2024-11-04T14:44:24","guid":{"rendered":"https:\/\/undsgn.com\/uncode\/?page_id=147399"},"modified":"2025-10-08T22:30:37","modified_gmt":"2025-10-08T19:30:37","slug":"iletisim","status":"publish","type":"page","link":"https:\/\/www.mesajgroup.com\/tr\/iletisim\/","title":{"rendered":"\u0130leti\u015fim"},"content":{"rendered":"<div class=\"wpb-content-wrapper\"><div data-sticky><div data-parent=\"true\" class=\"vc_row scroll-trigger-el scroll-trigger-el-mobile scroll-trigger-el-tablet scroll-trigger-parent style-accent-bg parallax-move row-container\"data-sticky-trigger=\"scroll-trigger\" data-anim-state=\"end\" data-anim-sticky=\"\" data-anim-els=\"\" data-anim-x=\"0\" data-anim-y=\"0\" data-anim-blur=\"0\" data-anim-perspective=\"0\" data-anim-rotate=\"0\" data-anim-origin=\"top center\" data-anim-target=\"el\" data-anim-scale=\"100\" data-anim-scale-step=\"\" data-anim-opacity=\"0\" data-anim-radius=\"\" data-anim-radius-unit=\"\" data-anim-start=\"\" data-anim-top=\"0\" data-anim-bottom=\"85\" data-anim-safe=\"\" data-anim-ease=\"none\" data-parallax-move=\"3\" id=\"row-unique-0\"><div class=\"row-background background-element\">\n\t\t\t\t\t\t\t\t\t\t\t<div class=\"background-wrapper\">\n\t\t\t\t\t\t\t\t\t\t\t\t<div class=\"background-inner\" style=\"background-image: url(https:\/\/www.mesajgroup.com\/wp-content\/uploads\/2025\/06\/image-placeholder-10.jpg);background-repeat: no-repeat;background-position: center top;background-attachment: scroll;background-size: cover;\"><\/div>\n\t\t\t\t\t\t\t\t\t\t\t\t<div class=\"block-bg-overlay block-bg-blend-mode for-ie style-accent-bg\" style=\"opacity: 0.75;\"><\/div><div class=\"block-bg-overlay block-bg-blend-mode not-ie style-accent-bg\" style=\"mix-blend-mode:multiply;\" data-bg-noise-1=\"#5ca3b0\" data-bg-noise-2=\"#eaeaea\" data-bg-noise-speed=\"200\" data-bg-noise-size=\"0.7\"><span class=\"uncode-canvas-bg-noise-wrap\"><\/span><\/div>\n\t\t\t\t\t\t\t\t\t\t\t<\/div>\n\t\t\t\t\t\t\t\t\t\t<\/div><div class=\"row exa-top-padding exa-bottom-padding exa-h-padding full-width row-parent\"><div class=\"wpb_row row-inner\"><div class=\"wpb_column pos-bottom pos-center align_left column_parent col-lg-12 double-internal-gutter\"><div class=\"uncol style-dark\"  ><div class=\"uncoltable\"><div class=\"uncell no-block-padding\" ><div class=\"uncont\" ><div class=\"vc_row row-internal row-container\"><div class=\"row row-next-to-blend row-child\"><div class=\"wpb_row row-inner\"><div class=\"wpb_column pos-top pos-left align_left column_child col-lg-9 single-internal-gutter\"><div class=\"uncol style-dark\" ><div class=\"uncoltable\"><div class=\"uncell no-block-padding\" ><div class=\"uncont\" ><div class=\"vc_custom_heading_wrap \"><div class=\"heading-text el-text\" ><h2 class=\"font-161747 custom fontspace-111509 font-weight-300 fontsize-437566-custom\" ><span>Gelece\u011fin D\u00fcnyas\u0131n\u0131 Birlikte Geli\u015ftirelim<\/span><\/h2><\/div><div class=\"clear\"><\/div><\/div><\/div><\/div><\/div><\/div><\/div><div class=\"wpb_column pos-top pos-center align_left column_child col-lg-3 tablet-hidden mobile-hidden single-internal-gutter\"><div class=\"uncol style-light\" ><div class=\"uncoltable\"><div class=\"uncell no-block-padding\" ><div class=\"uncont\" ><\/div><\/div><\/div><\/div><\/div><\/div><\/div><\/div><div class=\"divider-wrapper \"  >\n    <hr class=\"full-width-separator separator-no-padding\"  \/>\n<\/div>\n<div class=\"vc_row row-internal row-container\"><div class=\"row row-next-to-blend col-triple-gutter row-child\"><div class=\"wpb_row row-inner\"><div class=\"wpb_column pos-top pos-center align_left column_child col-lg-6 tablet-hidden mobile-hidden single-internal-gutter\"><div class=\"uncol style-light\" ><div class=\"uncoltable\"><div class=\"uncell no-block-padding\" ><div class=\"uncont\" ><\/div><\/div><\/div><\/div><\/div><div class=\"wpb_column pos-top pos-center align_left column_child col-lg-4 single-internal-gutter\"><div class=\"uncol style-dark\" ><div class=\"uncoltable\"><div class=\"uncell no-block-padding\" ><div class=\"uncont\" ><div class=\"vc_custom_heading_wrap \"><div class=\"heading-text el-text\" ><h3 class=\"font-161747 h3 fontheight-357766 fontspace-111509 font-weight-300\" ><span>Uzman kadromuzla projelerinize \u00f6zel stratejik ve milli \u00e7\u00f6z\u00fcmler \u00fcretmemiz i\u00e7in bizimle ileti\u015fime ge\u00e7in.<\/span><\/h3><\/div><div class=\"clear\"><\/div><\/div><\/div><\/div><\/div><\/div><\/div><div class=\"wpb_column pos-top pos-center align_left column_child col-lg-2 tablet-hidden mobile-hidden single-internal-gutter\"><div class=\"uncol style-light\" ><div class=\"uncoltable\"><div class=\"uncell no-block-padding\" ><div class=\"uncont\" ><\/div><\/div><\/div><\/div><\/div><\/div><\/div><\/div><\/div><\/div><\/div><\/div><\/div><script id=\"script-row-unique-0\" data-row=\"script-row-unique-0\" type=\"text\/javascript\" class=\"vc_controls\">UNCODE.initRow(document.getElementById(\"row-unique-0\"));<\/script><\/div><\/div><\/div><\/div><div data-parent=\"true\" class=\"vc_row row-next-to-blend vc_custom_1733499918905 border-color-gyho-color row-container\" style=\"border-style: solid;border-top-width: 1px ;\" id=\"row-unique-1\"><div class=\"row unequal col-half-gutter quad-top-padding no-bottom-padding double-h-padding full-width row-parent\"><div class=\"wpb_row row-inner\"><div class=\"wpb_column pos-top pos-center align_center column_parent col-lg-4 mid-color half-internal-gutter\"><div class=\"uncol style-light\"  ><div class=\"uncoltable\"><div class=\"uncell double-block-padding style-back_color-119622-bg  unradius-lg\" ><div class=\"uncont\" ><div class=\"icon-box icon-box-top\" ><div class=\"icon-box-icon fa-container\" style=\"margin-bottom: 0px;\"><span class=\"text-default-color btn-disable-hover\"><i class=\"fa fa-briefcase fa-5x fa-fw\"><\/i><\/span><\/div><\/div><div class=\"vc_custom_heading_wrap \"><div class=\"heading-text el-text\" ><h3 class=\"font-161747 h1 fontheight-357766 fontspace-111509 font-weight-300\" ><span>\u0130\u015f Geli\u015ftirme ve Projeler<\/span><\/h3><\/div><div class=\"clear\"><\/div><\/div><div class=\"vc_custom_heading_wrap \"><div class=\"heading-text el-text\" ><p class=\"font-161747 h4 fontheight-357766 fontspace-111509 font-weight-300\" ><span>Savunma, siber g\u00fcvenlik ve bili\u015fim alanlar\u0131ndaki ihtiya\u00e7lar\u0131n\u0131z i\u00e7in yenilik\u00e7i \u00e7\u00f6z\u00fcmlerimizi ke\u015ffedin. Projelerinize \u00f6zel stratejiler geli\u015ftirmek ve i\u015f birli\u011fi f\u0131rsatlar\u0131n\u0131 g\u00f6r\u00fc\u015fmek \u00fczere uzman ekibimizle tan\u0131\u015f\u0131n.<\/span><\/p><\/div><div class=\"clear\"><\/div><\/div><\/div><\/div><\/div><\/div><\/div><div class=\"wpb_column pos-top pos-center align_center column_parent col-lg-4 mid-color half-internal-gutter\"><div class=\"uncol style-dark\"  ><div class=\"uncoltable\"><div class=\"uncell double-block-padding style-accent-bg  unradius-lg\" ><div class=\"uncont\" ><div class=\"icon-box icon-box-top\" ><div class=\"icon-box-icon fa-container\" style=\"margin-bottom: 0px;\"><span class=\"text-default-color btn-disable-hover\"><i class=\"fa fa-phone4 fa-5x fa-fw\"><\/i><\/span><\/div><\/div><div class=\"vc_custom_heading_wrap \"><div class=\"heading-text el-text\" ><h3 class=\"font-161747 h1 fontheight-357766 fontspace-111509 font-weight-300\" ><span>Genel Bilgi ve Kurumsal \u0130leti\u015fim<\/span><\/h3><\/div><div class=\"clear\"><\/div><\/div><div class=\"vc_custom_heading_wrap \"><div class=\"heading-text el-text\" ><p class=\"font-161747 h4 fontheight-357766 fontspace-111509 font-weight-300\" ><span>Mesaj Group&#8217;un vizyonu, teknolojileri ve kabiliyetleri hakk\u0131nda daha fazla bilgi almak m\u0131 istiyorsunuz? Her t\u00fcrl\u00fc sorunuz, \u00f6neriniz veya i\u015f birli\u011fi talebiniz i\u00e7in bize ula\u015fabilirsiniz.<\/span><\/p><\/div><div class=\"clear\"><\/div><\/div><\/div><\/div><\/div><\/div><\/div><div class=\"wpb_column pos-top pos-center align_center column_parent col-lg-4 mid-color half-internal-gutter\"><div class=\"uncol style-light\"  ><div class=\"uncoltable\"><div class=\"uncell double-block-padding style-back_color-149794-bg  unradius-lg\" ><div class=\"uncont\" ><div class=\"icon-box icon-box-top\" ><div class=\"icon-box-icon fa-container\" style=\"margin-bottom: 0px;\"><span class=\"text-default-color btn-disable-hover\"><i class=\"fa fa-handshake-o fa-5x fa-fw\"><\/i><\/span><\/div><\/div><div class=\"vc_custom_heading_wrap \"><div class=\"heading-text el-text\" ><h3 class=\"font-161747 h1 fontheight-357766 fontspace-111509 font-weight-300\" ><span>Teknik Destek ve Dan\u0131\u015fmanl\u0131k<\/span><\/h3><\/div><div class=\"clear\"><\/div><\/div><div class=\"vc_custom_heading_wrap \"><div class=\"heading-text el-text\" ><p class=\"font-161747 h4 fontheight-357766 fontspace-111509 font-weight-300\" ><span>Mevcut sistemlerinizin ve operasyonlar\u0131n\u0131z\u0131n s\u00fcreklili\u011fi en b\u00fcy\u00fck \u00f6nceli\u011fimiz. Kar\u015f\u0131la\u015ft\u0131\u011f\u0131n\u0131z teknik zorluklar\u0131 a\u015fmak ve sundu\u011fumuz teknolojilerden en \u00fcst d\u00fczeyde verim alman\u0131z\u0131 sa\u011flamak i\u00e7in deneyimli m\u00fchendislerimizle ileti\u015fime ge\u00e7in.<\/span><\/p><\/div><div class=\"clear\"><\/div><\/div><\/div><\/div><\/div><\/div><\/div><script id=\"script-row-unique-1\" data-row=\"script-row-unique-1\" type=\"text\/javascript\" class=\"vc_controls\">UNCODE.initRow(document.getElementById(\"row-unique-1\"));<\/script><\/div><\/div><\/div><div data-parent=\"true\" class=\"vc_row row-container\" id=\"row-unique-2\"><div class=\"row quad-top-padding double-bottom-padding exa-h-padding full-width row-parent\"><div class=\"wpb_row row-inner\"><div class=\"wpb_column pos-top pos-center align_left column_parent col-lg-12 double-internal-gutter\"><div class=\"uncol style-light\"  ><div class=\"uncoltable\"><div class=\"uncell no-block-padding\" ><div class=\"uncont\" ><div class=\"vc_row row-internal row-container\"><div class=\"row col-double-gutter row-child\"><div class=\"wpb_row row-inner\"><div class=\"wpb_column pos-top pos-center align_left column_child col-lg-12 single-internal-gutter\"><div class=\"uncol style-light\" ><div class=\"uncoltable\"><div class=\"uncell no-block-padding\" ><div class=\"uncont\" ><div class=\"vc_custom_heading_wrap \"><div class=\"heading-text el-text\" ><h2 class=\"font-161747 h5 fontheight-357766 fontspace-781688 font-weight-500 text-text_color-108986-color badge-style unradius-xl style-back_color-108986-bg\" ><span><span class=\"text-accent-color\">\u25cf<\/span> \u0130leti\u015fim<\/span><\/h2><\/div><div class=\"clear\"><\/div><\/div><div class=\"divider-wrapper \"  >\n    <hr class=\"separator-no-padding\"  \/>\n<\/div>\n<\/div><\/div><\/div><\/div><\/div><\/div><\/div><\/div><\/div><\/div><\/div><\/div><\/div><script id=\"script-row-unique-2\" data-row=\"script-row-unique-2\" type=\"text\/javascript\" class=\"vc_controls\">UNCODE.initRow(document.getElementById(\"row-unique-2\"));<\/script><\/div><\/div><\/div><div data-parent=\"true\" class=\"vc_row row-container\" id=\"row-unique-3\"><div class=\"row col-triple-gutter no-top-padding quad-bottom-padding exa-h-padding full-width row-parent\"><div class=\"wpb_row row-inner\"><div class=\"wpb_column pos-top pos-center align_left column_parent col-lg-6 double-internal-gutter\"><div class=\"uncol style-light\"  ><div class=\"uncoltable\"><div class=\"uncell no-block-padding\" ><div class=\"uncont\" ><div class=\"vc_row row-internal row-container\"><div class=\"row col-double-gutter row-child\"><div class=\"wpb_row row-inner\"><div class=\"wpb_column pos-top pos-center align_left column_child col-lg-6 half-internal-gutter\"><div class=\"uncol style-light\" ><div class=\"uncoltable\"><div class=\"uncell no-block-padding\" ><div class=\"uncont\" ><div class=\"vc_custom_heading_wrap \"><div class=\"heading-text el-text\" ><h5 class=\"font-161747 h2 fontheight-357766 fontspace-111509 font-weight-300\" ><span>Adresimiz<\/span><\/h5><\/div><div class=\"clear\"><\/div><\/div><div class=\"vc_custom_heading_wrap \"><div class=\"heading-text el-text\" ><p class=\"font-161747 h4 fontheight-524109 fontspace-111509 font-weight-300 text-color-wvjs-color\" ><span><a href=\"https:\/\/www.google.com\/maps?sca_esv=d2ab6361f8823ac8&amp;lsig=AB86z5Ug1VtEcIeV16HhN3meBWYJ&amp;biw=1707&amp;bih=898&amp;dpr=1.5&amp;um=1&amp;ie=UTF-8&amp;fb=1&amp;gl=tr&amp;sa=X&amp;geocode=KTN2bWabT9MUMfYmxaHPSkn3&amp;daddr=Mustafa+Kemal,+13.+Cad.+No:18+D:c,+06934+Sincan\/Ankara\">Mustafa Kemal Mah. 13. Cad. 18\/C<br \/><\/span><span>Sincan\/Ankara<\/a><\/span><\/p><\/div><div class=\"clear\"><\/div><\/div><div class=\"empty-space empty-single\" ><span class=\"empty-space-inner\"><\/span><\/div>\n<div class=\"vc_custom_heading_wrap \"><div class=\"heading-text el-text\" ><h5 class=\"font-161747 h2 fontheight-357766 fontspace-111509 font-weight-300\" ><span>Telefon Numaralar\u0131m\u0131z<\/span><\/h5><\/div><div class=\"clear\"><\/div><\/div><div class=\"vc_custom_heading_wrap \"><div class=\"heading-text el-text\" ><p class=\"font-161747 h4 fontheight-524109 fontspace-111509 font-weight-300 text-color-wvjs-color\" ><span><a href=\"tel:+905375434606\">0537 543 46 06<\/a><\/p><\/span><span><p><a href=\"tel:+908508075090\">0850 807 50 90<\/a><\/span><\/p><\/div><div class=\"clear\"><\/div><\/div><\/div><\/div><\/div><\/div><\/div><div class=\"wpb_column pos-top pos-center align_left column_child col-lg-6 half-internal-gutter\"><div class=\"uncol style-light\" ><div class=\"uncoltable\"><div class=\"uncell no-block-padding\" ><div class=\"uncont\" ><div class=\"vc_custom_heading_wrap \"><div class=\"heading-text el-text\" ><h5 class=\"font-161747 h2 fontheight-357766 fontspace-111509 font-weight-300\" ><span>E-Posta Adresimiz<\/span><\/h5><\/div><div class=\"clear\"><\/div><\/div><div class=\"vc_custom_heading_wrap \"><div class=\"heading-text el-text\" ><p class=\"font-161747 h4 fontheight-524109 fontspace-111509 font-weight-300\" ><span><a href=\"mailto:groupmesaj@gmail.com\">groupmesaj@gmail.com<\/a><\/span><\/p><\/div><div class=\"clear\"><\/div><\/div><\/div><\/div><\/div><\/div><\/div><\/div><\/div><\/div><\/div><\/div><\/div><\/div><\/div><div class=\"wpb_column pos-top pos-center align_left column_parent col-lg-6 form-large single-internal-gutter\"><div class=\"uncol style-light font-161747\"  ><div class=\"uncoltable\"><div class=\"uncell no-block-padding\" ><div class=\"uncont\" >\n\t<div class=\"wpb_raw_code wpb_raw_html \" >\n\t\t<div class=\"wpb_wrapper\">\n\t\t\t<div style=\"width: 100%\"><iframe width=\"100%\" height=\"375\" frameborder=\"0\" scrolling=\"no\" marginheight=\"0\" marginwidth=\"0\" src=\"https:\/\/maps.google.com\/maps?width=100%25&amp;height=600&amp;hl=en&amp;q=+(Mesaj%20Group)&amp;t=&amp;z=17&amp;ie=UTF8&amp;iwloc=B&amp;output=embed\"><\/iframe><\/div>\n\t\t<\/div>\n\t<\/div>\n<\/div><\/div><\/div><\/div><\/div><script id=\"script-row-unique-3\" data-row=\"script-row-unique-3\" type=\"text\/javascript\" class=\"vc_controls\">UNCODE.initRow(document.getElementById(\"row-unique-3\"));<\/script><\/div><\/div><\/div>\n<\/div>","protected":false},"excerpt":{"rendered":"Gelece\u011fin D\u00fcnyas\u0131n\u0131 Birlikte Geli\u015ftirelim Uzman kadromuzla projelerinize \u00f6zel stratejik ve milli \u00e7\u00f6z\u00fcmler \u00fcretmemiz i\u00e7in bizimle ileti\u015fime ge\u00e7in.\u0130\u015f Geli\u015ftirme ve ProjelerSavunma, [...]","protected":false},"author":1,"featured_media":0,"parent":0,"menu_order":0,"comment_status":"closed","ping_status":"closed","template":"","meta":{"footnotes":""},"class_list":["post-147399","page","type-page","status-publish","hentry"],"_links":{"self":[{"href":"https:\/\/www.mesajgroup.com\/tr\/wp-json\/wp\/v2\/pages\/147399","targetHints":{"allow":["GET"]}}],"collection":[{"href":"https:\/\/www.mesajgroup.com\/tr\/wp-json\/wp\/v2\/pages"}],"about":[{"href":"https:\/\/www.mesajgroup.com\/tr\/wp-json\/wp\/v2\/types\/page"}],"author":[{"embeddable":true,"href":"https:\/\/www.mesajgroup.com\/tr\/wp-json\/wp\/v2\/users\/1"}],"replies":[{"embeddable":true,"href":"https:\/\/www.mesajgroup.com\/tr\/wp-json\/wp\/v2\/comments?post=147399"}],"version-history":[{"count":0,"href":"https:\/\/www.mesajgroup.com\/tr\/wp-json\/wp\/v2\/pages\/147399\/revisions"}],"wp:attachment":[{"href":"https:\/\/www.mesajgroup.com\/tr\/wp-json\/wp\/v2\/media?parent=147399"}],"curies":[{"name":"wp","href":"https:\/\/api.w.org\/{rel}","templated":true}]}}