{"id":160308,"date":"2026-04-29T03:08:04","date_gmt":"2026-04-29T00:08:04","guid":{"rendered":"https:\/\/www.mesajgroup.com\/?page_id=160308"},"modified":"2026-04-29T03:53:44","modified_gmt":"2026-04-29T00:53:44","slug":"ekibimiz","status":"publish","type":"page","link":"https:\/\/www.mesajgroup.com\/tr\/ekibimiz\/","title":{"rendered":"Ekibimiz"},"content":{"rendered":"<div class=\"wpb-content-wrapper\"><div data-parent=\"true\" class=\"vc_row style-color-wayh-bg row-container onepage-section\" data-label=\"top\" data-name=\"top\" id=\"row-unique-0\"><div class=\"row-background background-element\">\n\t\t\t\t\t\t\t\t\t\t\t<div class=\"background-wrapper\">\n\t\t\t\t\t\t\t\t\t\t\t\t<div class=\"background-inner\" style=\"background-image: url(https:\/\/www.mesajgroup.com\/wp-content\/uploads\/2026\/04\/Remove_the_bottom_part_2K_202604290319-scaled.jpeg);background-repeat: no-repeat;background-position: center bottom;background-attachment: scroll;background-size: cover;\"><\/div>\n\t\t\t\t\t\t\t\t\t\t\t\t<div class=\"block-bg-overlay style-color-wayh-bg\" style=\"opacity: 0.15;\"><\/div>\n\t\t\t\t\t\t\t\t\t\t\t<\/div>\n\t\t\t\t\t\t\t\t\t\t<\/div><div class=\"row col-double-gutter triple-top-padding double-bottom-padding double-h-padding full-width row-parent\" data-height-ratio=\"full\"><div class=\"wpb_row row-inner\"><div class=\"wpb_column pos-bottom pos-center align_center column_parent col-lg-12 single-internal-gutter\"><div class=\"uncol style-dark\"  ><div class=\"uncoltable\"><div class=\"uncell no-block-padding\" ><div class=\"uncont\" ><div class=\"vc_custom_heading_wrap \"><div class=\"heading-text el-text heading-bigtext curtain animate_inner_when_almost_visible el-text-split\" data-delay=\"200\" data-speed=\"1000\" data-interval=\"40\"><h1 class=\"bigtext font-obs\" data-style=\"normal\" data-weight=\"600\" data-font=\"Inter\"><span class=\"heading-text-inner\"><span class=\"split-word word1\"><span class=\"split-word-flow\"><span class=\"split-word-inner\">Ekibimiz<\/span><\/span><\/span><\/span><\/h1><\/div><div class=\"clear\"><\/div><\/div><\/div><\/div><\/div><\/div><\/div><script id=\"script-row-unique-0\" data-row=\"script-row-unique-0\" type=\"text\/javascript\" class=\"vc_controls\">UNCODE.initRow(document.getElementById(\"row-unique-0\"));<\/script><\/div><\/div><\/div><div data-parent=\"true\" class=\"vc_row row-container\" id=\"row-unique-1\"><div class=\"row col-double-gutter quad-top-padding quad-bottom-padding single-h-padding limit-width row-parent\"><div class=\"wpb_row row-inner\"><div class=\"wpb_column pos-top pos-center align_left column_parent col-lg-4 col-md-33 single-internal-gutter\"><div class=\"uncol style-light\"  ><div class=\"uncoltable\"><div class=\"uncell no-block-padding\" ><div class=\"uncont\" ><div class=\"uncode-single-media  text-left\"><div class=\"single-wrapper\" style=\"max-width: 100%;\"><div class=\"tmb tmb-light  tmb-img-ratio tmb-media-first tmb-media-last tmb-content-overlay tmb-no-bg\"><div class=\"t-inside\"><div class=\"t-entry-visual\"><div class=\"t-entry-visual-tc\"><div class=\"uncode-single-media-wrapper\"><div class=\"dummy\" style=\"padding-top: 125%;\"><\/div><img decoding=\"async\" class=\"wp-image-160316\" src=\"https:\/\/www.mesajgroup.com\/wp-content\/uploads\/2026\/04\/WhatsApp-Image-2026-03-23-at-00.43.15-uai-1091x1364.jpeg\" width=\"1091\" height=\"1364\" alt=\"\"><\/div>\n\t\t\t\t\t<\/div>\n\t\t\t\t<\/div><\/div><\/div><\/div><\/div><div class=\"vc_custom_heading_wrap \"><div class=\"heading-text el-text\" ><h2 class=\"h4 fontheight-357766\" ><span>Levent Karabidek<\/span><\/h2><div class=\"text-lead text-top-reduced\"><p>Y\u00d6NET\u0130M KURULU BA\u015eKANI<\/p>\n<\/div><\/div><div class=\"clear\"><\/div><\/div><\/div><\/div><\/div><\/div><\/div><div class=\"wpb_column pos-top pos-center align_left column_parent col-lg-4 col-md-33 single-internal-gutter\"><div class=\"uncol style-light\"  ><div class=\"uncoltable\"><div class=\"uncell no-block-padding\" ><div class=\"uncont\" ><div class=\"uncode-single-media  text-left\"><div class=\"single-wrapper\" style=\"max-width: 100%;\"><div class=\"tmb tmb-light  tmb-img-ratio tmb-media-first tmb-media-last tmb-content-overlay tmb-no-bg\"><div class=\"t-inside\"><div class=\"t-entry-visual\"><div class=\"t-entry-visual-tc\"><div class=\"uncode-single-media-wrapper\"><div class=\"dummy\" style=\"padding-top: 124.9%;\"><\/div><img decoding=\"async\" class=\"wp-image-160322\" src=\"https:\/\/www.mesajgroup.com\/wp-content\/uploads\/2026\/04\/WhatsApp-Image-2026-04-08-at-21.51.05-uai-739x923.jpeg\" width=\"739\" height=\"923\" alt=\"\"><\/div>\n\t\t\t\t\t<\/div>\n\t\t\t\t<\/div><\/div><\/div><\/div><\/div><div class=\"vc_custom_heading_wrap \"><div class=\"heading-text el-text\" ><h2 class=\"h4 fontheight-357766\" ><span>Cahit Metin<\/span><\/h2><div class=\"text-lead text-top-reduced\"><p>GENEL M\u00dcD\u00dcR<\/p>\n<\/div><\/div><div class=\"clear\"><\/div><\/div><\/div><\/div><\/div><\/div><\/div><div class=\"wpb_column pos-top pos-center align_left column_parent col-lg-4 col-md-33 single-internal-gutter\"><div class=\"uncol style-light\"  ><div class=\"uncoltable\"><div class=\"uncell no-block-padding\" ><div class=\"uncont\" ><div class=\"uncode-single-media  text-left\"><div class=\"single-wrapper\" style=\"max-width: 100%;\"><div class=\"tmb tmb-light  tmb-img-ratio tmb-media-first tmb-media-last tmb-content-overlay tmb-no-bg\"><div class=\"t-inside\"><div class=\"t-entry-visual\"><div class=\"t-entry-visual-tc\"><div class=\"uncode-single-media-wrapper\"><div class=\"dummy\" style=\"padding-top: 125%;\"><\/div><img decoding=\"async\" class=\"wp-image-160321\" src=\"https:\/\/www.mesajgroup.com\/wp-content\/uploads\/2026\/04\/WhatsApp-Image-2026-04-08-at-15.07.49-uai-924x1155.jpeg\" width=\"924\" height=\"1155\" alt=\"\"><\/div>\n\t\t\t\t\t<\/div>\n\t\t\t\t<\/div><\/div><\/div><\/div><\/div><div class=\"vc_custom_heading_wrap \"><div class=\"heading-text el-text\" ><h2 class=\"h4 fontheight-357766\" ><span>\u00d6zg\u00fcr Fil<\/span><\/h2><div class=\"text-lead text-top-reduced\"><p>ELEKTR\u0130K PROJE M\u00dcD\u00dcR\u00dc<\/p>\n<\/div><\/div><div class=\"clear\"><\/div><\/div><\/div><\/div><\/div><\/div><\/div><script id=\"script-row-unique-1\" data-row=\"script-row-unique-1\" type=\"text\/javascript\" class=\"vc_controls\">UNCODE.initRow(document.getElementById(\"row-unique-1\"));<\/script><\/div><\/div><\/div><div data-parent=\"true\" class=\"vc_row row-container\" id=\"row-unique-2\"><div class=\"row col-double-gutter no-top-padding quad-bottom-padding single-h-padding limit-width row-parent\"><div class=\"wpb_row row-inner\"><div class=\"wpb_column pos-top pos-center align_left column_parent col-lg-3 col-md-33 single-internal-gutter\"><div class=\"uncol style-light\"  ><div class=\"uncoltable\"><div class=\"uncell no-block-padding\" ><div class=\"uncont\" ><div class=\"uncode-single-media  text-left\"><div class=\"single-wrapper\" style=\"max-width: 100%;\"><div class=\"tmb tmb-light  tmb-img-ratio tmb-media-first tmb-media-last tmb-content-overlay tmb-no-bg\"><div class=\"t-inside\"><div class=\"t-entry-visual\"><div class=\"t-entry-visual-tc\"><div class=\"uncode-single-media-wrapper\"><div class=\"dummy\" style=\"padding-top: 124.9%;\"><\/div><img decoding=\"async\" class=\"wp-image-160320\" src=\"https:\/\/www.mesajgroup.com\/wp-content\/uploads\/2026\/04\/WhatsApp-Image-2026-04-07-at-00.42.36-uai-1199x1498.jpeg\" width=\"1199\" height=\"1498\" alt=\"\"><\/div>\n\t\t\t\t\t<\/div>\n\t\t\t\t<\/div><\/div><\/div><\/div><\/div><div class=\"vc_custom_heading_wrap \"><div class=\"heading-text el-text\" ><h2 class=\"h4 fontheight-357766\" ><span>Av. \u00c7a\u011fr\u0131 Karabulut<\/span><\/h2><div class=\"text-lead text-top-reduced\"><p>HUKUK M\u00dc\u015eAV\u0130R\u0130<\/p>\n<\/div><\/div><div class=\"clear\"><\/div><\/div><\/div><\/div><\/div><\/div><\/div><div class=\"wpb_column pos-top pos-center align_left column_parent col-lg-3 col-md-33 single-internal-gutter\"><div class=\"uncol style-light\"  ><div class=\"uncoltable\"><div class=\"uncell no-block-padding\" ><div class=\"uncont\" ><div class=\"uncode-single-media  text-left\"><div class=\"single-wrapper\" style=\"max-width: 100%;\"><div class=\"tmb tmb-light  tmb-img-ratio tmb-media-first tmb-media-last tmb-content-overlay tmb-no-bg\"><div class=\"t-inside\"><div class=\"t-entry-visual\"><div class=\"t-entry-visual-tc\"><div class=\"uncode-single-media-wrapper\"><div class=\"dummy\" style=\"padding-top: 125%;\"><\/div><img decoding=\"async\" class=\"wp-image-160318\" src=\"https:\/\/www.mesajgroup.com\/wp-content\/uploads\/2026\/04\/WhatsApp-Image-2026-03-25-at-16.26.25-uai-1024x1280.jpeg\" width=\"1024\" height=\"1280\" alt=\"\"><\/div>\n\t\t\t\t\t<\/div>\n\t\t\t\t<\/div><\/div><\/div><\/div><\/div><div class=\"vc_custom_heading_wrap \"><div class=\"heading-text el-text\" ><h2 class=\"h4 fontheight-357766\" ><span>Yusuf Yasin<\/span><\/h2><div class=\"text-lead text-top-reduced\"><p>M\u0130MAR<\/p>\n<\/div><\/div><div class=\"clear\"><\/div><\/div><\/div><\/div><\/div><\/div><\/div><div class=\"wpb_column pos-top pos-center align_left column_parent col-lg-3 col-md-33 single-internal-gutter\"><div class=\"uncol style-light\"  ><div class=\"uncoltable\"><div class=\"uncell no-block-padding\" ><div class=\"uncont\" ><div class=\"uncode-single-media  text-left\"><div class=\"single-wrapper\" style=\"max-width: 100%;\"><div class=\"tmb tmb-light  tmb-img-ratio tmb-media-first tmb-media-last tmb-content-overlay tmb-no-bg\"><div class=\"t-inside\"><div class=\"t-entry-visual\"><div class=\"t-entry-visual-tc\"><div class=\"uncode-single-media-wrapper\"><div class=\"dummy\" style=\"padding-top: 125%;\"><\/div><img decoding=\"async\" class=\"wp-image-160317\" src=\"https:\/\/www.mesajgroup.com\/wp-content\/uploads\/2026\/04\/WhatsApp-Image-2026-03-25-at-16.22.19-uai-819x1024.jpeg\" width=\"819\" height=\"1024\" alt=\"\"><\/div>\n\t\t\t\t\t<\/div>\n\t\t\t\t<\/div><\/div><\/div><\/div><\/div><div class=\"vc_custom_heading_wrap \"><div class=\"heading-text el-text\" ><h2 class=\"h4 fontheight-357766\" ><span>Muhammed Karasu<\/span><\/h2><div class=\"text-lead text-top-reduced\"><p>M\u0130MAR<\/p>\n<\/div><\/div><div class=\"clear\"><\/div><\/div><\/div><\/div><\/div><\/div><\/div><div class=\"wpb_column pos-top pos-center align_left column_parent col-lg-3 col-md-clear single-internal-gutter\"><div class=\"uncol style-light\"  ><div class=\"uncoltable\"><div class=\"uncell no-block-padding\" ><div class=\"uncont\" ><div class=\"uncode-single-media  text-left\"><div class=\"single-wrapper\" style=\"max-width: 100%;\"><div class=\"tmb tmb-light  tmb-img-ratio tmb-media-first tmb-media-last tmb-content-overlay tmb-no-bg\"><div class=\"t-inside\"><div class=\"t-entry-visual\"><div class=\"t-entry-visual-tc\"><div class=\"uncode-single-media-wrapper\"><div class=\"dummy\" style=\"padding-top: 125%;\"><\/div><img decoding=\"async\" class=\"wp-image-160319\" src=\"https:\/\/www.mesajgroup.com\/wp-content\/uploads\/2026\/04\/WhatsApp-Image-2026-04-07-at-00.41.37-uai-1184x1480.jpeg\" width=\"1184\" height=\"1480\" alt=\"\"><\/div>\n\t\t\t\t\t<\/div>\n\t\t\t\t<\/div><\/div><\/div><\/div><\/div><div class=\"vc_custom_heading_wrap \"><div class=\"heading-text el-text\" ><h2 class=\"h4 fontheight-357766\" ><span>Av. Recep Uzun<\/span><\/h2><div class=\"text-lead text-top-reduced\"><p>HUKUK M\u00dc\u015eAV\u0130R\u0130<\/p>\n<\/div><\/div><div class=\"clear\"><\/div><\/div><\/div><\/div><\/div><\/div><\/div><script id=\"script-row-unique-2\" data-row=\"script-row-unique-2\" type=\"text\/javascript\" class=\"vc_controls\">UNCODE.initRow(document.getElementById(\"row-unique-2\"));<\/script><\/div><\/div><\/div>\n<\/div>","protected":false},"excerpt":{"rendered":"Ekibimiz Levent KarabidekY\u00d6NET\u0130M KURULU BA\u015eKANI Cahit MetinGENEL M\u00dcD\u00dcR \u00d6zg\u00fcr FilELEKTR\u0130K PROJE M\u00dcD\u00dcR\u00dc Av. \u00c7a\u011fr\u0131 KarabulutHUKUK M\u00dc\u015eAV\u0130R\u0130 Yusuf YasinM\u0130MAR Muhammed KarasuM\u0130MAR [...]","protected":false},"author":1,"featured_media":0,"parent":0,"menu_order":0,"comment_status":"closed","ping_status":"closed","template":"","meta":{"footnotes":""},"class_list":["post-160308","page","type-page","status-publish","hentry"],"_links":{"self":[{"href":"https:\/\/www.mesajgroup.com\/tr\/wp-json\/wp\/v2\/pages\/160308","targetHints":{"allow":["GET"]}}],"collection":[{"href":"https:\/\/www.mesajgroup.com\/tr\/wp-json\/wp\/v2\/pages"}],"about":[{"href":"https:\/\/www.mesajgroup.com\/tr\/wp-json\/wp\/v2\/types\/page"}],"author":[{"embeddable":true,"href":"https:\/\/www.mesajgroup.com\/tr\/wp-json\/wp\/v2\/users\/1"}],"replies":[{"embeddable":true,"href":"https:\/\/www.mesajgroup.com\/tr\/wp-json\/wp\/v2\/comments?post=160308"}],"version-history":[{"count":14,"href":"https:\/\/www.mesajgroup.com\/tr\/wp-json\/wp\/v2\/pages\/160308\/revisions"}],"predecessor-version":[{"id":160332,"href":"https:\/\/www.mesajgroup.com\/tr\/wp-json\/wp\/v2\/pages\/160308\/revisions\/160332"}],"wp:attachment":[{"href":"https:\/\/www.mesajgroup.com\/tr\/wp-json\/wp\/v2\/media?parent=160308"}],"curies":[{"name":"wp","href":"https:\/\/api.w.org\/{rel}","templated":true}]}}