{"id":160186,"date":"2025-10-08T22:05:42","date_gmt":"2025-10-08T19:05:42","guid":{"rendered":"https:\/\/www.mesajgroup.com\/?page_id=160186"},"modified":"2025-10-17T23:35:17","modified_gmt":"2025-10-17T20:35:17","slug":"sirketler","status":"publish","type":"page","link":"https:\/\/www.mesajgroup.com\/zh\/sirketler\/","title":{"rendered":"\u516c\u53f8"},"content":{"rendered":"<div class=\"wpb-content-wrapper\"><div data-parent=\"true\" class=\"vc_row row-container\" id=\"row-unique-0\"><div class=\"row col-double-gutter exa-top-padding quad-bottom-padding single-h-padding limit-width row-parent\"><div class=\"wpb_row row-inner\"><div class=\"wpb_column pos-top pos-center align_left column_parent col-lg-12 half-internal-gutter\"><div class=\"uncol style-light\"  ><div class=\"uncoltable\"><div class=\"uncell no-block-padding\" ><div class=\"uncont\" ><div class=\"vc_custom_heading_wrap\"><div class=\"heading-text el-text\" ><h6 class=\"fontsize-160000 fontspace-135905 text-accent-color text-uppercase\" ><span>\u6211\u4eec\u7684\u516c\u53f8<\/span><\/h6><\/div><div class=\"clear\"><\/div><\/div><div class=\"vc_row row-internal row-container\"><div class=\"row row-child\"><div class=\"wpb_row row-inner\"><div class=\"wpb_column pos-top pos-center align_left column_child col-lg-4 half-internal-gutter\"><div class=\"uncol style-light\" ><div class=\"uncoltable\"><div class=\"uncell no-block-padding\" ><div class=\"uncont\" ><div class=\"vc_custom_heading_wrap\"><div class=\"heading-text el-text\" ><h3 class=\"h1\" ><span>\u4ece\u9879\u76ee\u5230\u4e8b\u4e1a\uff0c\u6211\u4eec\u5728\u751f\u6d3b\u7684\u6bcf\u4e2a\u9886\u57df\u4e0e\u60a8\u540c\u5728<\/span><\/h3><\/div><div class=\"clear\"><\/div><\/div><div class=\"empty-space empty-single desktop-hidden\" ><span class=\"empty-space-inner\"><\/span><\/div>\n<\/div><\/div><\/div><\/div><\/div><div class=\"wpb_column pos-top pos-center align_left column_child col-lg-2 tablet-hidden mobile-hidden single-internal-gutter\"><div class=\"uncol style-light\" ><div class=\"uncoltable\"><div class=\"uncell no-block-padding\" ><div class=\"uncont\" ><\/div><\/div><\/div><\/div><\/div><div class=\"wpb_column pos-top pos-center align_left column_child col-lg-6 single-internal-gutter\"><div class=\"uncol style-light\" ><div class=\"uncoltable\"><div class=\"uncell no-block-padding\" ><div class=\"uncont\" ><div class=\"uncode_text_column\" ><p>\u6885\u8428\u5409\u96c6\u56e2\u65d7\u4e0b\u7684\u5404\u5bb6\u516c\u53f8\u5404\u53f8\u5176\u804c\uff0c\u63d0\u4f9b\u76f8\u8f85\u76f8\u6210\u7684\u7efc\u5408\u670d\u52a1\u7406\u5ff5\u3002\u4ece\u5efa\u7b51\u5730\u57fa\u5230\u6750\u6599\u4f9b\u5e94\uff0c\u4ece\u5ba4\u5185\u88c5\u9970\u7684\u7f8e\u5b66\u6539\u9020\u5230\u4e3a\u4e13\u4e1a\u4eba\u624d\u63d0\u4f9b\u5408\u9002\u7684\u804c\u4e1a\u673a\u4f1a\uff0c\u6211\u4eec\u5728\u751f\u6d3b\u7684\u5404\u4e2a\u9886\u57df\u4e3a\u60a8\u63d0\u4f9b\u91cf\u8eab\u5b9a\u5236\u7684\u3001\u521b\u65b0\u7684\u3001\u53ef\u9760\u7684\u89e3\u51b3\u65b9\u6848\u3002\u6211\u4eec\u7684\u76ee\u6807\u662f\u901a\u8fc7\u8fd9\u79cd\u4ece\u9879\u76ee\u5230\u804c\u4e1a\u751f\u6daf\u7684\u6574\u4f53\u65b9\u6cd5\uff0c\u4e3a\u60a8\u7684\u751f\u6d3b\u548c\u76ee\u6807\u589e\u503c\u3002.<\/p>\n<\/div><\/div><\/div><\/div><\/div><\/div><\/div><\/div><\/div><div class=\"empty-space empty-single\" ><span class=\"empty-space-inner\"><\/span><\/div>\n<div class=\"vc_row row-internal row-container\"><div class=\"row row-child\"><div class=\"wpb_row row-inner\"><div class=\"wpb_column pos-top pos-center align_left column_child col-lg-3 col-md-50 col-sm-50 single-internal-gutter\"><div class=\"uncol style-light\" ><div class=\"uncoltable\"><div class=\"uncell no-block-padding\" ><div class=\"uncont\" ><div class=\"icon-box icon-box-top  icon-media-image\" ><div class=\"icon-box-icon fa-container\" style=\"width:160px;\"><a role=\"button\" href=\"https:\/\/www.mesajcareer.com\" title=\"\u7559\u8a00\u804c\u4e1a\" aria-label=\"\u7559\u8a00\u804c\u4e1a\" target=\"_blank\" class=\"fa fa-stack fa-1x btn-default fa-squared btn-shadow custom-link\"><img decoding=\"async\" class=\"\" src=\"https:\/\/www.mesajgroup.com\/wp-content\/uploads\/2025\/09\/Gemini_Generated_Image_3fmilo3fmilo3fmi.png\" width=\"1024\" height=\"1024\" alt=\"\"  \/><\/a><\/div><div class=\"icon-box-content\"><div class=\"icon-box-heading icon-box-fa-1x-back\"><h3 class=\"h3\"><a role=\"button\" href=\"https:\/\/www.mesajcareer.com\" title=\"\u7559\u8a00\u804c\u4e1a\" aria-label=\"\u7559\u8a00\u804c\u4e1a\" target=\"_blank\">\u7559\u8a00\u804c\u4e1a<\/a><\/h3><\/div>\n<p class=\"text-top-reduced text-small\" style=\"text-align: left;\">\u6211\u4eec\u7684\u76ee\u6807\u662f\u63d0\u4f9b\u4e00\u4e2a\u7efc\u5408\u7ed3\u6784\uff0c\u6ee1\u8db3\u4ece\u7b80\u5355\u7684\u804c\u4f4d\u7533\u8bf7\u5230\u590d\u6742\u7684\u4eba\u624d\u7ba1\u7406\u6218\u7565\u7b49\u5404\u79cd\u9700\u6c42\u3002\u6211\u4eec\u4e3a\u60a8\u7b80\u5316\u6574\u4e2a\u6d41\u7a0b\uff0c\u4f7f\u60a8\u80fd\u591f\u4ee5\u6700\u6709\u6548\u7684\u65b9\u5f0f\u53d1\u6325\u6f5c\u80fd\uff0c\u6ee1\u6000\u4fe1\u5fc3\u5730\u5b9e\u73b0\u76ee\u6807\u3002.<br \/><\/p>\n<p class=\"text-bold\"><a class=\"btn btn-link\" href=\"https:\/\/www.mesajcareer.com\" title=\"\u7559\u8a00\u804c\u4e1a\" aria-label=\"\u7559\u8a00\u804c\u4e1a\" target=\"_blank\">\u67e5\u770b\u516c\u53f8<\/a><\/p><\/div><\/div><\/div><\/div><\/div><\/div><\/div><div class=\"wpb_column pos-top pos-center align_left column_child col-lg-3 col-md-50 col-sm-50 single-internal-gutter\"><div class=\"uncol style-light\" ><div class=\"uncoltable\"><div class=\"uncell no-block-padding\" ><div class=\"uncont\" ><div class=\"icon-box icon-box-top  icon-media-image\" ><div class=\"icon-box-icon fa-container\" style=\"width:160px;\"><a role=\"button\" href=\"https:\/\/www.mesajinsaat.com\" title=\"\u540e\u671f\u65bd\u5de5\" aria-label=\"\u540e\u671f\u65bd\u5de5\" target=\"_blank\" class=\"fa fa-stack fa-1x btn-default fa-squared btn-shadow custom-link\"><img decoding=\"async\" class=\"\" src=\"https:\/\/www.mesajgroup.com\/wp-content\/uploads\/2025\/09\/Gemini_Generated_Image_sltunqsltunqsltu.png\" width=\"1024\" height=\"1024\" alt=\"\"  \/><\/a><\/div><div class=\"icon-box-content\"><div class=\"icon-box-heading icon-box-fa-1x-back\"><h3 class=\"h3\"><a role=\"button\" href=\"https:\/\/www.mesajinsaat.com\" title=\"\u540e\u671f\u65bd\u5de5\" aria-label=\"\u540e\u671f\u65bd\u5de5\" target=\"_blank\">\u540e\u671f\u65bd\u5de5<\/a><\/h3><\/div>\n<p class=\"text-top-reduced text-small\" style=\"text-align: left;\">\u5bf9\u6211\u4eec\u6765\u8bf4\uff0c\u6bcf\u4e2a\u9879\u76ee\u4e0d\u4ec5\u662f\u5efa\u9020\u4e00\u4e2a\u7ed3\u6784\uff0c\u66f4\u662f\u5efa\u7acb\u4e00\u4e2a\u4e0d\u53ef\u52a8\u6447\u7684\u4fe1\u4efb\u3002\u8fd9\u4e00\u539f\u5219\u6784\u6210\u4e86\u6211\u4eec\u516c\u53f8\u7684\u57fa\u7840\uff0c\u6839\u636e\u8fd9\u4e00\u539f\u5219\uff0c\u6211\u4eec\u5bf9\u4ece\u5f00\u59cb\u5230\u4ea4\u4ed8\u7684\u6240\u6709\u8fc7\u7a0b\u8fdb\u884c\u7ec6\u81f4\u7684\u7ba1\u7406\uff0c\u5e76\u59cb\u7ec8\u4fe1\u5b88\u6211\u4eec\u7684\u627f\u8bfa\u3002.<br \/><\/p>\n<p class=\"text-bold\"><a class=\"btn btn-link\" href=\"https:\/\/www.mesajinsaat.com\" title=\"\u540e\u671f\u65bd\u5de5\" aria-label=\"\u540e\u671f\u65bd\u5de5\" target=\"_blank\">\u67e5\u770b\u516c\u53f8<\/a><\/p><\/div><\/div><\/div><\/div><\/div><\/div><\/div><div class=\"wpb_column pos-top pos-center align_left column_child col-lg-3 col-md-50 col-md-clear col-sm-50 col-sm-clear single-internal-gutter\"><div class=\"uncol style-light\" ><div class=\"uncoltable\"><div class=\"uncell no-block-padding\" ><div class=\"uncont\" ><div class=\"icon-box icon-box-top  icon-media-image\" ><div class=\"icon-box-icon fa-container\" style=\"width:160px;\"><a role=\"button\" href=\"https:\/\/www.lekorasyon.com\" title=\"\u88c5\u9970\" aria-label=\"\u88c5\u9970\" target=\"_blank\" class=\"fa fa-stack fa-1x btn-default fa-squared btn-shadow custom-link\"><img decoding=\"async\" class=\"\" src=\"https:\/\/www.mesajgroup.com\/wp-content\/uploads\/2025\/09\/Gemini_Generated_Image_s04u62s04u62s04u.png\" width=\"1024\" height=\"1024\" alt=\"\"  \/><\/a><\/div><div class=\"icon-box-content\"><div class=\"icon-box-heading icon-box-fa-1x-back\"><h3 class=\"h3\"><a role=\"button\" href=\"https:\/\/www.lekorasyon.com\" title=\"\u88c5\u9970\" aria-label=\"\u88c5\u9970\" target=\"_blank\">\u88c5\u9970<\/a><\/h3><\/div>\n<p class=\"text-top-reduced text-small\" style=\"text-align: left;\">\u6211\u4eec\u7684\u4e13\u5bb6\u56e2\u961f\u7531\u7ecf\u9a8c\u4e30\u5bcc\u7684\u5efa\u7b51\u5e08\u548c\u8bbe\u8ba1\u5e08\u7ec4\u6210\uff0c\u4ece\u6982\u5ff5\u8bbe\u8ba1\u5230\u6750\u6599\u9009\u62e9\u548c\u5b9e\u65bd\uff0c\u6211\u4eec\u5728\u9879\u76ee\u7684\u6bcf\u4e2a\u9636\u6bb5\u90fd\u4e0e\u60a8\u540c\u5728\u3002\u6211\u4eec\u503e\u542c\u60a8\u7684\u5fc3\u58f0\uff0c\u4e86\u89e3\u60a8\u7684\u751f\u6d3b\u65b9\u5f0f\uff0c\u4e3a\u60a8\u63d0\u4f9b\u8212\u9002\u3001\u65f6\u5c1a\u3001\u7b26\u5408\u60a8\u54c1\u5473\u7684\u89e3\u51b3\u65b9\u6848\u3002.<br \/><\/p>\n<p class=\"text-bold\"><a class=\"btn btn-link\" href=\"https:\/\/www.lekorasyon.com\" title=\"\u88c5\u9970\" aria-label=\"\u88c5\u9970\" target=\"_blank\">\u67e5\u770b\u516c\u53f8<\/a><\/p><\/div><\/div><\/div><\/div><\/div><\/div><\/div><div class=\"wpb_column pos-top pos-center align_left column_child col-lg-3 col-md-50 col-md-clear col-sm-50 col-sm-clear single-internal-gutter\"><div class=\"uncol style-light\" ><div class=\"uncoltable\"><div class=\"uncell no-block-padding\" ><div class=\"uncont\" ><div class=\"icon-box icon-box-top  icon-media-image\" ><div class=\"icon-box-icon fa-container\" style=\"width:160px;\"><a role=\"button\" href=\"https:\/\/www.mesajstore.com\/\" title=\"\u4fe1\u606f\u5b58\u50a8\" aria-label=\"\u4fe1\u606f\u5b58\u50a8\" target=\"_blank\" class=\"fa fa-stack fa-1x btn-default fa-squared btn-shadow custom-link\"><img decoding=\"async\" class=\"\" src=\"https:\/\/www.mesajgroup.com\/wp-content\/uploads\/2025\/09\/Gemini_Generated_Image_a8s5ja8s5ja8s5ja.png\" width=\"1024\" height=\"1024\" alt=\"\"  \/><\/a><\/div><div class=\"icon-box-content\"><div class=\"icon-box-heading icon-box-fa-1x-back\"><h3 class=\"h3\"><a role=\"button\" href=\"https:\/\/www.mesajstore.com\/\" title=\"\u4fe1\u606f\u5b58\u50a8\" aria-label=\"\u4fe1\u606f\u5b58\u50a8\" target=\"_blank\">\u4fe1\u606f\u5b58\u50a8<\/a><\/h3><\/div>\n<p class=\"text-top-reduced text-small\" style=\"text-align: left;\">\u6211\u4eec\u901a\u8fc7\u7528\u6237\u53cb\u597d\u578b\u5e73\u53f0\u3001\u5b89\u5168\u7684\u652f\u4ed8\u57fa\u7840\u8bbe\u65bd\u548c\u5feb\u901f\u7684\u4ea4\u4ed8\u7f51\u7edc\uff0c\u786e\u4fdd\u60a8\u53ef\u4ee5\u8f7b\u677e\u6ee1\u8db3\u81ea\u5df1\u7684\u9700\u6c42\u3002\u6211\u4eec\u59cb\u7ec8\u5c06\u5ba2\u6237\u6ee1\u610f\u5ea6\u89c6\u4e3a\u6211\u4eec\u7684\u9996\u8981\u4efb\u52a1\uff0c\u5e76\u636e\u6b64\u5236\u5b9a\u6211\u4eec\u7684\u6240\u6709\u6d41\u7a0b\u3002.<br \/><\/p>\n<p class=\"text-bold\"><a class=\"btn btn-link\" href=\"https:\/\/www.mesajstore.com\/\" title=\"\u4fe1\u606f\u5b58\u50a8\" aria-label=\"\u4fe1\u606f\u5b58\u50a8\" target=\"_blank\">\u67e5\u770b\u516c\u53f8<\/a><\/p><\/div><\/div><\/div><\/div><\/div><\/div><\/div><\/div><\/div><\/div><\/div><\/div><\/div><\/div><\/div><script id=\"script-row-unique-0\" data-row=\"script-row-unique-0\" type=\"text\/javascript\" class=\"vc_controls\">UNCODE.initRow(document.getElementById(\"row-unique-0\"));<\/script><\/div><\/div><\/div>\n<\/div>","protected":false},"excerpt":{"rendered":"\u015eirketlerimizProjeden Kariyere, Hayat\u0131n Her Alan\u0131nda Yan\u0131n\u0131zday\u0131z Mesaj Group \u00e7at\u0131s\u0131 alt\u0131nda toplanan \u015firketlerimiz, her biri kendi alan\u0131nda uzmanla\u015farak, birbirini tamamlayan entegre [...]","protected":false},"author":1,"featured_media":0,"parent":0,"menu_order":0,"comment_status":"closed","ping_status":"closed","template":"","meta":{"footnotes":""},"class_list":["post-160186","page","type-page","status-publish","hentry"],"_links":{"self":[{"href":"https:\/\/www.mesajgroup.com\/zh\/wp-json\/wp\/v2\/pages\/160186","targetHints":{"allow":["GET"]}}],"collection":[{"href":"https:\/\/www.mesajgroup.com\/zh\/wp-json\/wp\/v2\/pages"}],"about":[{"href":"https:\/\/www.mesajgroup.com\/zh\/wp-json\/wp\/v2\/types\/page"}],"author":[{"embeddable":true,"href":"https:\/\/www.mesajgroup.com\/zh\/wp-json\/wp\/v2\/users\/1"}],"replies":[{"embeddable":true,"href":"https:\/\/www.mesajgroup.com\/zh\/wp-json\/wp\/v2\/comments?post=160186"}],"version-history":[{"count":2,"href":"https:\/\/www.mesajgroup.com\/zh\/wp-json\/wp\/v2\/pages\/160186\/revisions"}],"predecessor-version":[{"id":160235,"href":"https:\/\/www.mesajgroup.com\/zh\/wp-json\/wp\/v2\/pages\/160186\/revisions\/160235"}],"wp:attachment":[{"href":"https:\/\/www.mesajgroup.com\/zh\/wp-json\/wp\/v2\/media?parent=160186"}],"curies":[{"name":"wp","href":"https:\/\/api.w.org\/{rel}","templated":true}]}}